{"id":2701,"date":"2024-06-19T22:19:24","date_gmt":"2024-06-19T20:19:24","guid":{"rendered":"https:\/\/thebritishcentredonostia.minervatech.es\/?page_id=2701"},"modified":"2025-05-27T14:07:24","modified_gmt":"2025-05-27T12:07:24","slug":"declaracion-de-accesibilidad","status":"publish","type":"page","link":"https:\/\/thebritishcentredonostia.com\/eu\/declaracion-de-accesibilidad\/","title":{"rendered":"Declaraci\u00f3n de Accesibilidad"},"content":{"rendered":"<div class=\"fusion-fullwidth fullwidth-box fusion-builder-row-1 fusion-flex-container nonhundred-percent-fullwidth non-hundred-percent-height-scrolling\" style=\"--awb-border-radius-top-left:0px;--awb-border-radius-top-right:0px;--awb-border-radius-bottom-right:0px;--awb-border-radius-bottom-left:0px;--awb-flex-wrap:wrap;\" ><div class=\"fusion-builder-row fusion-row fusion-flex-align-items-flex-start fusion-flex-content-wrap\" style=\"max-width:1331.2px;margin-left: calc(-4% \/ 2 );margin-right: calc(-4% \/ 2 );\"><div class=\"fusion-layout-column fusion_builder_column fusion-builder-column-0 fusion_builder_column_1_1 1_1 fusion-flex-column\" style=\"--awb-bg-size:cover;--awb-width-large:100%;--awb-margin-top-large:0px;--awb-spacing-right-large:1.92%;--awb-margin-bottom-large:0px;--awb-spacing-left-large:1.92%;--awb-width-medium:100%;--awb-spacing-right-medium:1.92%;--awb-spacing-left-medium:1.92%;--awb-width-small:100%;--awb-spacing-right-small:1.92%;--awb-spacing-left-small:1.92%;\"><div class=\"fusion-column-wrapper fusion-flex-justify-content-flex-start fusion-content-layout-column\"><div class=\"fusion-text fusion-text-1\"><p><img decoding=\"async\" class=\"lazyload alignright\" title=\"imagen de accesibilidad\" src=\"data:image\/svg+xml,%3Csvg%20xmlns%3D%27http%3A%2F%2Fwww.w3.org%2F2000%2Fsvg%27%20width%3D%27150%27%20height%3D%27150%27%20viewBox%3D%270%200%20150%20150%27%3E%3Crect%20width%3D%27150%27%20height%3D%27150%27%20fill-opacity%3D%220%22%2F%3E%3C%2Fsvg%3E\" data-orig-src=\"https:\/\/initia.es\/wp-content\/uploads\/2024\/11\/accessibility.png\" width=\"150px\" height=\"150px\" alt=\"declaraci\u00f3n de accesibilidad logo\"><\/p>\n<h1>DECLARACI\u00d3N DE ACCESIBILIDAD<\/h1>\n<p>CENTRO LINGUISTICO BASQUE UK S.L. se ha comprometido a hacer accesible su sitio web. La presente declaraci\u00f3n de accesibilidad se aplica al sitio web <a href=\"https:\/\/thebritishcentredonostia.com\/eu\/\">https:\/\/thebritishcentredonostia.com\/<\/a><\/p>\n<p>&nbsp;<\/p>\n<h3>SITUACI\u00d3N DE CUMPLIMIENTO<\/h3>\n<p>Este sitio web es parcialmente conforme con el <a href=\"https:\/\/www.boe.es\/diario_boe\/txt.php?id=BOE-A-2018-12699\" target=\"_blank\">RD 1112\/2018<\/a> debido a las excepciones y a la falta de conformidad de los aspectos que se indican en el siguiente punto.<\/p>\n<p>&nbsp;<\/p>\n<h3>CONTENIDO NO ACCESIBLE<\/h3>\n<p>El contenido que se recoge a continuaci\u00f3n no es accesible por lo siguiente:<\/p>\n<ul>\n<li>Falta de conformidad con el RD 1112\/2018. <\/li>\n<li>Podr\u00edan existir errores de c\u00f3digo puntuales de edici\u00f3n en alguna p\u00e1gina web. [4.1.1 Procesamiento]<\/li>\n<\/ul>\n<p>Podr\u00edan existir algunos componentes de la interfaz de usuario que no se encuentren etiquetados correctamente. [4.1.2 Nombre, funci\u00f3n, valor]<\/p>\n<ul>\n<li>Carga desproporcionada: No aplica.<\/li>\n<li>El contenido no entra dentro del \u00e1mbito de la legislaci\u00f3n aplicable: No aplica.<\/li>\n<\/ul>\n<p>&nbsp;<\/p>\n<h3>PREPARACI\u00d3N DE LA PRESENTE DECLARACI\u00d3N DE ACCESIBILIDAD<\/h3>\n<p>La presente declaraci\u00f3n fue preparada el 26 de Julio 2023.<\/p>\n<p>El m\u00e9todo empleado para preparar la declaraci\u00f3n ha sido una autoevaluaci\u00f3n llevada a cabo por el propio organismo.<\/p>\n<p>&nbsp;<\/p>\n<h3>OBSERVACIONES Y DATOS DE CONTACTO<\/h3>\n<p>Puede realizar comunicaciones sobre requisitos de accesibilidad (art\u00edculo 10.2.a del RD 1112\/2018) como por ejemplo:<\/p>\n<ul>\n<li>informar sobre cualquier posible incumplimiento por parte de este sitio web<\/li>\n<li>transmitir otras dificultades de acceso al contenido<\/li>\n<li>formular cualquier otra consulta o sugerencia de mejora relativa a la accesibilidad del sitio web a trav\u00e9s del formulario de contacto de este sitio web.<\/li>\n<\/ul>\n<p>Puede presentar:<\/p>\n<ul>\n<li>Queja relativa al cumplimiento de los requisitos del RD 1112\/2018 o<\/li>\n<li>Solicitud de Informaci\u00f3n accesible relativa a:\n<ul>\n<li>Contenidos que est\u00e1n excluidos del \u00e1mbito de aplicaci\u00f3n del RD 1112\/2018 seg\u00fan lo establecido por el art\u00edculo 3, apartado 4.<\/li>\n<li>Contenidos que est\u00e1n exentos del cumplimiento de los requisitos de accesibilidad por imponer una carga desproporcionada.<\/li>\n<\/ul>\n<p>&nbsp;<\/p>\n<\/li>\n<\/ul>\n<p>En la Solicitud de informaci\u00f3n accesible, se debe concretar, con toda claridad, los hechos, razones y petici\u00f3n que permitan constatar que se trata de una solicitud razonable y leg\u00edtima.<\/p>\n<\/div><\/div><\/div><\/div><\/div>","protected":false},"excerpt":{"rendered":"","protected":false},"author":2,"featured_media":0,"parent":0,"menu_order":0,"comment_status":"closed","ping_status":"closed","template":"100-width.php","meta":{"footnotes":""},"class_list":["post-2701","page","type-page","status-publish","hentry"],"yoast_head":"<!-- This site is optimized with the Yoast SEO plugin v27.4 - https:\/\/yoast.com\/product\/yoast-seo-wordpress\/ -->\n<title>Declaraci\u00f3n de Accesibilidad - The British Centre Donostia<\/title>\n<meta name=\"robots\" content=\"index, follow, max-snippet:-1, max-image-preview:large, max-video-preview:-1\" \/>\n<link rel=\"canonical\" href=\"https:\/\/thebritishcentredonostia.com\/eu\/declaracion-de-accesibilidad\/\" \/>\n<meta property=\"og:locale\" content=\"en_US\" \/>\n<meta property=\"og:type\" content=\"article\" \/>\n<meta property=\"og:title\" content=\"Declaraci\u00f3n de Accesibilidad - The British Centre Donostia\" \/>\n<meta property=\"og:url\" content=\"https:\/\/thebritishcentredonostia.com\/eu\/declaracion-de-accesibilidad\/\" \/>\n<meta property=\"og:site_name\" content=\"The British Centre Donostia\" \/>\n<meta property=\"article:modified_time\" content=\"2025-05-27T12:07:24+00:00\" \/>\n<meta property=\"og:image\" content=\"https:\/\/initia.es\/wp-content\/uploads\/2024\/11\/accessibility.png\" \/>\n<meta name=\"twitter:card\" content=\"summary_large_image\" \/>\n<meta name=\"twitter:label1\" content=\"Est. reading time\" \/>\n\t<meta name=\"twitter:data1\" content=\"2 minutua\" \/>\n<script type=\"application\/ld+json\" class=\"yoast-schema-graph\">{\"@context\":\"https:\\\/\\\/schema.org\",\"@graph\":[{\"@type\":\"WebPage\",\"@id\":\"https:\\\/\\\/thebritishcentredonostia.com\\\/declaracion-de-accesibilidad\\\/\",\"url\":\"https:\\\/\\\/thebritishcentredonostia.com\\\/declaracion-de-accesibilidad\\\/\",\"name\":\"Declaraci\u00f3n de Accesibilidad - The British Centre Donostia\",\"isPartOf\":{\"@id\":\"https:\\\/\\\/thebritishcentredonostia.com\\\/#website\"},\"primaryImageOfPage\":{\"@id\":\"https:\\\/\\\/thebritishcentredonostia.com\\\/declaracion-de-accesibilidad\\\/#primaryimage\"},\"image\":{\"@id\":\"https:\\\/\\\/thebritishcentredonostia.com\\\/declaracion-de-accesibilidad\\\/#primaryimage\"},\"thumbnailUrl\":\"https:\\\/\\\/initia.es\\\/wp-content\\\/uploads\\\/2024\\\/11\\\/accessibility.png\",\"datePublished\":\"2024-06-19T20:19:24+00:00\",\"dateModified\":\"2025-05-27T12:07:24+00:00\",\"breadcrumb\":{\"@id\":\"https:\\\/\\\/thebritishcentredonostia.com\\\/declaracion-de-accesibilidad\\\/#breadcrumb\"},\"inLanguage\":\"eu\",\"potentialAction\":[{\"@type\":\"ReadAction\",\"target\":[\"https:\\\/\\\/thebritishcentredonostia.com\\\/declaracion-de-accesibilidad\\\/\"]}]},{\"@type\":\"ImageObject\",\"inLanguage\":\"eu\",\"@id\":\"https:\\\/\\\/thebritishcentredonostia.com\\\/declaracion-de-accesibilidad\\\/#primaryimage\",\"url\":\"https:\\\/\\\/initia.es\\\/wp-content\\\/uploads\\\/2024\\\/11\\\/accessibility.png\",\"contentUrl\":\"https:\\\/\\\/initia.es\\\/wp-content\\\/uploads\\\/2024\\\/11\\\/accessibility.png\"},{\"@type\":\"BreadcrumbList\",\"@id\":\"https:\\\/\\\/thebritishcentredonostia.com\\\/declaracion-de-accesibilidad\\\/#breadcrumb\",\"itemListElement\":[{\"@type\":\"ListItem\",\"position\":1,\"name\":\"Portada\",\"item\":\"https:\\\/\\\/thebritishcentredonostia.com\\\/\"},{\"@type\":\"ListItem\",\"position\":2,\"name\":\"Declaraci\u00f3n de Accesibilidad\"}]},{\"@type\":\"WebSite\",\"@id\":\"https:\\\/\\\/thebritishcentredonostia.com\\\/#website\",\"url\":\"https:\\\/\\\/thebritishcentredonostia.com\\\/\",\"name\":\"The British Centre Donostia\",\"description\":\"Centro ling\u00fc\u00edstico\",\"potentialAction\":[{\"@type\":\"SearchAction\",\"target\":{\"@type\":\"EntryPoint\",\"urlTemplate\":\"https:\\\/\\\/thebritishcentredonostia.com\\\/?s={search_term_string}\"},\"query-input\":{\"@type\":\"PropertyValueSpecification\",\"valueRequired\":true,\"valueName\":\"search_term_string\"}}],\"inLanguage\":\"eu\"}]}<\/script>\n<!-- \/ Yoast SEO plugin. -->","yoast_head_json":{"title":"Declaraci\u00f3n de Accesibilidad - The British Centre Donostia","robots":{"index":"index","follow":"follow","max-snippet":"max-snippet:-1","max-image-preview":"max-image-preview:large","max-video-preview":"max-video-preview:-1"},"canonical":"https:\/\/thebritishcentredonostia.com\/eu\/declaracion-de-accesibilidad\/","og_locale":"en_US","og_type":"article","og_title":"Declaraci\u00f3n de Accesibilidad - The British Centre Donostia","og_url":"https:\/\/thebritishcentredonostia.com\/eu\/declaracion-de-accesibilidad\/","og_site_name":"The British Centre Donostia","article_modified_time":"2025-05-27T12:07:24+00:00","og_image":[{"url":"https:\/\/initia.es\/wp-content\/uploads\/2024\/11\/accessibility.png","type":"","width":"","height":""}],"twitter_card":"summary_large_image","twitter_misc":{"Est. reading time":"2 minutua"},"schema":{"@context":"https:\/\/schema.org","@graph":[{"@type":"WebPage","@id":"https:\/\/thebritishcentredonostia.com\/declaracion-de-accesibilidad\/","url":"https:\/\/thebritishcentredonostia.com\/declaracion-de-accesibilidad\/","name":"Declaraci\u00f3n de Accesibilidad - The British Centre Donostia","isPartOf":{"@id":"https:\/\/thebritishcentredonostia.com\/#website"},"primaryImageOfPage":{"@id":"https:\/\/thebritishcentredonostia.com\/declaracion-de-accesibilidad\/#primaryimage"},"image":{"@id":"https:\/\/thebritishcentredonostia.com\/declaracion-de-accesibilidad\/#primaryimage"},"thumbnailUrl":"https:\/\/initia.es\/wp-content\/uploads\/2024\/11\/accessibility.png","datePublished":"2024-06-19T20:19:24+00:00","dateModified":"2025-05-27T12:07:24+00:00","breadcrumb":{"@id":"https:\/\/thebritishcentredonostia.com\/declaracion-de-accesibilidad\/#breadcrumb"},"inLanguage":"eu","potentialAction":[{"@type":"ReadAction","target":["https:\/\/thebritishcentredonostia.com\/declaracion-de-accesibilidad\/"]}]},{"@type":"ImageObject","inLanguage":"eu","@id":"https:\/\/thebritishcentredonostia.com\/declaracion-de-accesibilidad\/#primaryimage","url":"https:\/\/initia.es\/wp-content\/uploads\/2024\/11\/accessibility.png","contentUrl":"https:\/\/initia.es\/wp-content\/uploads\/2024\/11\/accessibility.png"},{"@type":"BreadcrumbList","@id":"https:\/\/thebritishcentredonostia.com\/declaracion-de-accesibilidad\/#breadcrumb","itemListElement":[{"@type":"ListItem","position":1,"name":"Portada","item":"https:\/\/thebritishcentredonostia.com\/"},{"@type":"ListItem","position":2,"name":"Declaraci\u00f3n de Accesibilidad"}]},{"@type":"WebSite","@id":"https:\/\/thebritishcentredonostia.com\/#website","url":"https:\/\/thebritishcentredonostia.com\/","name":"The British Centre Donostia","description":"Centro ling\u00fc\u00edstico","potentialAction":[{"@type":"SearchAction","target":{"@type":"EntryPoint","urlTemplate":"https:\/\/thebritishcentredonostia.com\/?s={search_term_string}"},"query-input":{"@type":"PropertyValueSpecification","valueRequired":true,"valueName":"search_term_string"}}],"inLanguage":"eu"}]}},"_links":{"self":[{"href":"https:\/\/thebritishcentredonostia.com\/eu\/wp-json\/wp\/v2\/pages\/2701","targetHints":{"allow":["GET"]}}],"collection":[{"href":"https:\/\/thebritishcentredonostia.com\/eu\/wp-json\/wp\/v2\/pages"}],"about":[{"href":"https:\/\/thebritishcentredonostia.com\/eu\/wp-json\/wp\/v2\/types\/page"}],"author":[{"embeddable":true,"href":"https:\/\/thebritishcentredonostia.com\/eu\/wp-json\/wp\/v2\/users\/2"}],"replies":[{"embeddable":true,"href":"https:\/\/thebritishcentredonostia.com\/eu\/wp-json\/wp\/v2\/comments?post=2701"}],"version-history":[{"count":3,"href":"https:\/\/thebritishcentredonostia.com\/eu\/wp-json\/wp\/v2\/pages\/2701\/revisions"}],"predecessor-version":[{"id":3284,"href":"https:\/\/thebritishcentredonostia.com\/eu\/wp-json\/wp\/v2\/pages\/2701\/revisions\/3284"}],"wp:attachment":[{"href":"https:\/\/thebritishcentredonostia.com\/eu\/wp-json\/wp\/v2\/media?parent=2701"}],"curies":[{"name":"wp","href":"https:\/\/api.w.org\/{rel}","templated":true}]}}