{"id":2710,"date":"2024-06-19T22:21:42","date_gmt":"2024-06-19T20:21:42","guid":{"rendered":"https:\/\/thebritishcentredonostia.minervatech.es\/?page_id=2710"},"modified":"2025-05-27T14:09:15","modified_gmt":"2025-05-27T12:09:15","slug":"aviso-legal","status":"publish","type":"page","link":"https:\/\/thebritishcentredonostia.com\/en\/aviso-legal\/","title":{"rendered":"Legal Notice"},"content":{"rendered":"<div class=\"fusion-fullwidth fullwidth-box fusion-builder-row-1 fusion-flex-container nonhundred-percent-fullwidth non-hundred-percent-height-scrolling\" style=\"--awb-border-radius-top-left:0px;--awb-border-radius-top-right:0px;--awb-border-radius-bottom-right:0px;--awb-border-radius-bottom-left:0px;--awb-flex-wrap:wrap;\" ><div class=\"fusion-builder-row fusion-row fusion-flex-align-items-flex-start fusion-flex-content-wrap\" style=\"max-width:1331.2px;margin-left: calc(-4% \/ 2 );margin-right: calc(-4% \/ 2 );\"><div class=\"fusion-layout-column fusion_builder_column fusion-builder-column-0 fusion_builder_column_1_1 1_1 fusion-flex-column\" style=\"--awb-bg-size:cover;--awb-width-large:100%;--awb-margin-top-large:0px;--awb-spacing-right-large:1.92%;--awb-margin-bottom-large:0px;--awb-spacing-left-large:1.92%;--awb-width-medium:100%;--awb-spacing-right-medium:1.92%;--awb-spacing-left-medium:1.92%;--awb-width-small:100%;--awb-spacing-right-small:1.92%;--awb-spacing-left-small:1.92%;\"><div class=\"fusion-column-wrapper fusion-flex-justify-content-flex-start fusion-content-layout-column\"><div class=\"fusion-text fusion-text-1\"><p><img decoding=\"async\" class=\"lazyload size-medium alignright\" src=\"data:image\/svg+xml,%3Csvg%20xmlns%3D%27http%3A%2F%2Fwww.w3.org%2F2000%2Fsvg%27%20width%3D%27200%27%20height%3D%27200%27%20viewBox%3D%270%200%20200%20200%27%3E%3Crect%20width%3D%27200%27%20height%3D%27200%27%20fill-opacity%3D%220%22%2F%3E%3C%2Fsvg%3E\" data-orig-src=\"https:\/\/initia.es\/wp-content\/uploads\/2024\/11\/legal.png\" width=\"200\" height=\"200\" alt=\"aviso legal logo\"><\/p>\n<style>\n  td { padding:10px; border: 1px black solid;}\n  .bold { font-weight: 700; }\n<\/style>\n<h1>AVISO LEGAL<\/h1>\n<p>En cumplimiento de la <a href=\"https:\/\/www.boe.es\/buscar\/act.php?id=BOE-A-2002-13758\" target=\"_blank\">Ley 34\/2002<\/a>, de 11 de julio, de Servicios de la Sociedad de la Informaci\u00f3n y de Comercio Electr\u00f3nico (LSSI-CE), la empresa le informa que es titular del sitio web. De acuerdo con la exigencia del art\u00edculo 10 de la citada Ley, informa de los siguientes datos. <\/p>\n<p>El titular de este sitio web es:<\/p>\n<table>\n<tbody>\n<tr>\n<td class=\"bold\">Nombre de la empresa<\/td>\n<td>CENTRO LINGUISTICO BASQUE UK S.L.<\/td>\n<\/tr>\n<tr>\n<td class=\"bold\">NIF<\/td>\n<td>B75141937<\/td>\n<\/tr>\n<tr>\n<td class=\"bold\">Address<\/td>\n<td>BERMINGHAM KALEA, 9, CP 20002 DONOSTIA, GIPUZKOA, ESPA\u00f1A<\/td>\n<\/tr>\n<tr>\n<td class=\"bold\">Email<\/td>\n<td>info@thebritishcentre.com<\/td>\n<\/tr>\n<tr>\n<td class=\"bold\">Web<\/td>\n<td>https:\/\/thebritishcentredonostia.com\/<\/td>\n<\/tr>\n<tr>\n<td class=\"bold\">Inscripci\u00f3n en registro mercantil<\/td>\n<td>N\/A<\/td>\n<\/tr>\n<\/tbody>\n<\/table>\n<p>&nbsp;<\/p>\n<h3>USUARIOS<\/h3>\n<p>El acceso y\/o uso de <a href=\"https:\/\/thebritishcentredonostia.com\/en\/\">este portal<\/a> le atribuye la condici\u00f3n de USUARIO, que acepta, desde dicho acceso y\/o uso, las Condiciones Generales de Uso aqu\u00ed reflejadas. Las citadas Condiciones ser\u00e1n de aplicaci\u00f3n independientemente de las Condiciones Generales de Contrataci\u00f3n que en su caso resulten de obligado cumplimiento.<\/p>\n<p>&nbsp;<\/p>\n<h3>USO DEL PORTAL<\/h3>\n<p>La p\u00e1gina web proporciona el acceso a multitud de informaciones, servicios, programas o datos (en adelante, \u201clos contenidos\u201d) en Internet pertenecientes a CENTRO LINGUISTICO BASQUE UK S.L. o a sus licenciantes a los que el USUARIO pueda tener acceso. El USUARIO asume la responsabilidad del uso del portal. Dicha responsabilidad se extiende al registro que fuese necesario para acceder a determinados servicios o contenidos.<\/p>\n<h6>COMPROMISOS<\/h6>\n<p>En dicho registro el USUARIO ser\u00e1 responsable de aportar informaci\u00f3n veraz y l\u00edcita. Como consecuencia de este registro, al USUARIO se le puede proporcionar una contrase\u00f1a de la que ser\u00e1 responsable, comprometi\u00e9ndose a hacer un uso diligente y confidencial de la misma. El USUARIO se compromete a hacer un uso adecuado de los contenidos y servicios que CENTRO LINGUISTICO BASQUE UK S.L. ofrece a trav\u00e9s de su portal y con car\u00e1cter enunciativo pero no limitativo, a no emplearlos para: <\/p>\n<ul>\n<li>incurrir en actividades il\u00edcitas, ilegales o contrarias a la buena fe y al orden p\u00fablico.<\/li>\n<li>difundir contenidos o propaganda de car\u00e1cter racista, xen\u00f3fobo, pornogr\u00e1fico-ilegal, de apolog\u00eda del terrorismo o atentatorio contra los derechos humanos.<\/li>\n<li>provocar da\u00f1os en los sistemas f\u00edsicos y l\u00f3gicos de CENTRO LINGUISTICO BASQUE UK S.L., de sus proveedores o de terceras personas, introducir o difundir en la red virus inform\u00e1ticos o cualesquiera otros sistemas f\u00edsicos o l\u00f3gicos que sean susceptibles de provocar los da\u00f1os anteriormente mencionados.<\/li>\n<li>intentar acceder y, en su caso, utilizar las cuentas de correo electr\u00f3nico de otros usuarios y modificar manipular sus mensajes. CENTRO LINGUISTICO BASQUE UK S.L. se reserva el derecho de retirar todos aquellos comentarios y aportaciones que vulneren el respeto a la dignidad de la persona, que sean discriminatorios, xen\u00f3fobos, racistas, pornogr\u00e1ficos, que atenten contra la juventud o la infancia, el orden o la seguridad p\u00fablica o que, a su juicio, no resultaran adecuados para su publicaci\u00f3n. En cualquier caso, CENTRO LINGUISTICO BASQUE UK S.L. no ser\u00e1 responsable de las opiniones vertidas por los usuarios a trav\u00e9s de los foros, chats, u otras herramientas de participaci\u00f3n.<\/li>\n<\/ul>\n<p>&nbsp;<\/p>\n<h3>PROPIEDAD INTELECTUAL E INDUSTRIAL<\/h3>\n<p>CENTRO LINGUISTICO BASQUE UK S.L. ser\u00e1 titular de todos los derechos de propiedad intelectual e industrial de su p\u00e1gina web, as\u00ed como de los elementos contenidos en la misma (a t\u00edtulo enunciativo, im\u00e1genes, sonido, audio, v\u00eddeo, software o textos; marcas o logotipos, combinaciones de colores, estructura y dise\u00f1o, selecci\u00f3n de materiales usados, programas de ordenador necesarios para su funcionamiento, acceso y uso, etc.).<br \/>\nTodos los derechos reservados. En virtud de lo dispuesto en los art\u00edculos 8 y 32.1, p\u00e1rrafo segundo, de la Ley de Propiedad Intelectual, quedan expresamente prohibidas la reproducci\u00f3n, la distribuci\u00f3n y la comunicaci\u00f3n p\u00fablica, incluida su modalidad de puesta a disposici\u00f3n, de la totalidad o parte de los contenidos de esta p\u00e1gina web, con fines comerciales, en cualquier soporte y por cualquier medio t\u00e9cnico, sin la autorizaci\u00f3n de CENTRO LINGUISTICO BASQUE UK S.L.. El USUARIO se compromete a respetar los derechos de Propiedad Intelectual e Industrial titularidad de CENTRO LINGUISTICO BASQUE UK S.L. Podr\u00e1 visualizar los elementos del portal e incluso imprimirlos, copiarlos y almacenarlos en el disco duro de su ordenador o en cualquier otro soporte f\u00edsico siempre y cuando sea, \u00fanica y exclusivamente, para su uso personal y privado. El USUARIO deber\u00e1 abstenerse de suprimir, alterar, eludir o manipular cualquier dispositivo de protecci\u00f3n o sistema de seguridad que estuviera instalado en el las p\u00e1ginas de CENTRO LINGUISTICO BASQUE UK S.L..<\/p>\n<p>&nbsp;<\/p>\n<h3>EXCLUSI\u00d3N DE GARANT\u00cdAS Y RESPONSABILIDAD<\/h3>\n<p>CENTRO LINGUISTICO BASQUE UK S.L. no se hace responsable, en ning\u00fan caso, de los da\u00f1os y perjuicios de cualquier naturaleza que pudieran ocasionar, a t\u00edtulo enunciativo: errores u omisiones en los contenidos, falta de disponibilidad del portal o la transmisi\u00f3n de virus o programas maliciosos o lesivos en los contenidos, a pesar de haber adoptado todas las medidas tecnol\u00f3gicas necesarias para evitarlo.<\/p>\n<p>&nbsp;<\/p>\n<h3>MODIFICACIONES<\/h3>\n<p>CENTRO LINGUISTICO BASQUE UK S.L. se reserva el derecho de efectuar sin previo aviso las modificaciones que considere oportunas en su portal, pudiendo cambiar, suprimir o a\u00f1adir tanto los contenidos y servicios que se presten a trav\u00e9s de la misma como la forma en la que \u00e9stos aparezcan presentados o localizados en su portal.<\/p>\n<p>&nbsp;<\/p>\n<h3>ENLACES<\/h3>\n<p>En el caso de que en la p\u00e1gina web se dispusiesen enlaces o hiperv\u00ednculos hac\u00eda otros sitios de Internet, CENTRO LINGUISTICO BASQUE UK S.L. no ejercer\u00e1 ning\u00fan tipo de control sobre dichos sitios y contenidos. En ning\u00fan caso CENTRO LINGUISTICO BASQUE UK S.L. asumir\u00e1 responsabilidad alguna por los contenidos de alg\u00fan enlace perteneciente a un sitio web ajeno, ni garantizar\u00e1 la disponibilidad t\u00e9cnica, calidad, fiabilidad, exactitud, amplitud, veracidad, validez y constitucionalidad de cualquier material o informaci\u00f3n contenida en ninguno de dichos hiperv\u00ednculos u otros sitios de Internet.<br \/>\nIgualmente, la inclusi\u00f3n de estas conexiones externas no implicar\u00e1 ning\u00fan tipo de asociaci\u00f3n, fusi\u00f3n o participaci\u00f3n con las entidades conectadas.<\/p>\n<p>&nbsp;<\/p>\n<h3>DERECHO DE EXCLUSI\u00d3N<\/h3>\n<p>CENTRO LINGUISTICO BASQUE UK S.L. se reserva el derecho a denegar o retirar el acceso a portal y\/o los servicios ofrecidos sin necesidad de preaviso, a instancia propia o de un tercero, a aquellos usuarios que incumplan las presentes Condiciones Generales de Uso.<\/p>\n<p>&nbsp;<\/p>\n<h3>GENERALIDADES<\/h3>\n<p>CENTRO LINGUISTICO BASQUE UK S.L. perseguir\u00e1 el incumplimiento de las presentes condiciones, as\u00ed como cualquier utilizaci\u00f3n indebida de su portal ejerciendo todas las acciones civiles y penales que le puedan corresponder en derecho.<\/p>\n<p>&nbsp;<\/p>\n<h3>MODIFICACI\u00d3N DE LAS PRESENTES CONDICIONES Y DURACI\u00d3N<\/h3>\n<p>CENTRO LINGUISTICO BASQUE UK S.L. podr\u00e1 modificar en cualquier momento las condiciones aqu\u00ed determinadas, siendo debidamente publicadas como aqu\u00ed aparecen.<br \/>\nLa vigencia de las citadas condiciones ir\u00e1 en funci\u00f3n de su exposici\u00f3n y estar\u00e1n vigentes hasta que sean modificadas por otras debidamente publicadas.<\/p>\n<p>&nbsp;<\/p>\n<h3>LEGISLACI\u00d3N APLICABLE Y JURISDICCI\u00d3N<\/h3>\n<p>La relaci\u00f3n entre CENTRO LINGUISTICO BASQUE UK S.L. y el USUARIO se regir\u00e1 por la normativa espa\u00f1ola vigente y cualquier controversia se someter\u00e1 a los Juzgados y tribunales de la ciudad anteriormente indicada.<\/p>\n<\/div><\/div><\/div><\/div><\/div>","protected":false},"excerpt":{"rendered":"","protected":false},"author":2,"featured_media":0,"parent":0,"menu_order":0,"comment_status":"closed","ping_status":"closed","template":"100-width.php","meta":{"footnotes":""},"class_list":["post-2710","page","type-page","status-publish","hentry"],"yoast_head":"<!-- This site is optimized with the Yoast SEO plugin v27.3 - https:\/\/yoast.com\/product\/yoast-seo-wordpress\/ -->\n<title>Aviso Legal - The British Centre Donostia<\/title>\n<meta name=\"robots\" content=\"index, follow, max-snippet:-1, max-image-preview:large, max-video-preview:-1\" \/>\n<link rel=\"canonical\" href=\"https:\/\/thebritishcentredonostia.com\/en\/aviso-legal\/\" \/>\n<meta property=\"og:locale\" content=\"en_GB\" \/>\n<meta property=\"og:type\" content=\"article\" \/>\n<meta property=\"og:title\" content=\"Aviso Legal - The British Centre Donostia\" \/>\n<meta property=\"og:url\" content=\"https:\/\/thebritishcentredonostia.com\/en\/aviso-legal\/\" \/>\n<meta property=\"og:site_name\" content=\"The British Centre Donostia\" \/>\n<meta property=\"article:modified_time\" content=\"2025-05-27T12:09:15+00:00\" \/>\n<meta property=\"og:image\" content=\"https:\/\/initia.es\/wp-content\/uploads\/2024\/11\/legal.png\" \/>\n<meta name=\"twitter:card\" content=\"summary_large_image\" \/>\n<meta name=\"twitter:label1\" content=\"Estimated reading time\" \/>\n\t<meta name=\"twitter:data1\" content=\"7 minutes\" \/>\n<script type=\"application\/ld+json\" class=\"yoast-schema-graph\">{\"@context\":\"https:\\\/\\\/schema.org\",\"@graph\":[{\"@type\":\"WebPage\",\"@id\":\"https:\\\/\\\/thebritishcentredonostia.com\\\/aviso-legal\\\/\",\"url\":\"https:\\\/\\\/thebritishcentredonostia.com\\\/aviso-legal\\\/\",\"name\":\"Aviso Legal - The British Centre Donostia\",\"isPartOf\":{\"@id\":\"https:\\\/\\\/thebritishcentredonostia.com\\\/#website\"},\"primaryImageOfPage\":{\"@id\":\"https:\\\/\\\/thebritishcentredonostia.com\\\/aviso-legal\\\/#primaryimage\"},\"image\":{\"@id\":\"https:\\\/\\\/thebritishcentredonostia.com\\\/aviso-legal\\\/#primaryimage\"},\"thumbnailUrl\":\"https:\\\/\\\/initia.es\\\/wp-content\\\/uploads\\\/2024\\\/11\\\/legal.png\",\"datePublished\":\"2024-06-19T20:21:42+00:00\",\"dateModified\":\"2025-05-27T12:09:15+00:00\",\"breadcrumb\":{\"@id\":\"https:\\\/\\\/thebritishcentredonostia.com\\\/aviso-legal\\\/#breadcrumb\"},\"inLanguage\":\"en-GB\",\"potentialAction\":[{\"@type\":\"ReadAction\",\"target\":[\"https:\\\/\\\/thebritishcentredonostia.com\\\/aviso-legal\\\/\"]}]},{\"@type\":\"ImageObject\",\"inLanguage\":\"en-GB\",\"@id\":\"https:\\\/\\\/thebritishcentredonostia.com\\\/aviso-legal\\\/#primaryimage\",\"url\":\"https:\\\/\\\/initia.es\\\/wp-content\\\/uploads\\\/2024\\\/11\\\/legal.png\",\"contentUrl\":\"https:\\\/\\\/initia.es\\\/wp-content\\\/uploads\\\/2024\\\/11\\\/legal.png\"},{\"@type\":\"BreadcrumbList\",\"@id\":\"https:\\\/\\\/thebritishcentredonostia.com\\\/aviso-legal\\\/#breadcrumb\",\"itemListElement\":[{\"@type\":\"ListItem\",\"position\":1,\"name\":\"Portada\",\"item\":\"https:\\\/\\\/thebritishcentredonostia.com\\\/\"},{\"@type\":\"ListItem\",\"position\":2,\"name\":\"Aviso Legal\"}]},{\"@type\":\"WebSite\",\"@id\":\"https:\\\/\\\/thebritishcentredonostia.com\\\/#website\",\"url\":\"https:\\\/\\\/thebritishcentredonostia.com\\\/\",\"name\":\"The British Centre Donostia\",\"description\":\"Centro ling\u00fc\u00edstico\",\"potentialAction\":[{\"@type\":\"SearchAction\",\"target\":{\"@type\":\"EntryPoint\",\"urlTemplate\":\"https:\\\/\\\/thebritishcentredonostia.com\\\/?s={search_term_string}\"},\"query-input\":{\"@type\":\"PropertyValueSpecification\",\"valueRequired\":true,\"valueName\":\"search_term_string\"}}],\"inLanguage\":\"en-GB\"}]}<\/script>\n<!-- \/ Yoast SEO plugin. -->","yoast_head_json":{"title":"Aviso Legal - The British Centre Donostia","robots":{"index":"index","follow":"follow","max-snippet":"max-snippet:-1","max-image-preview":"max-image-preview:large","max-video-preview":"max-video-preview:-1"},"canonical":"https:\/\/thebritishcentredonostia.com\/en\/aviso-legal\/","og_locale":"en_GB","og_type":"article","og_title":"Aviso Legal - The British Centre Donostia","og_url":"https:\/\/thebritishcentredonostia.com\/en\/aviso-legal\/","og_site_name":"The British Centre Donostia","article_modified_time":"2025-05-27T12:09:15+00:00","og_image":[{"url":"https:\/\/initia.es\/wp-content\/uploads\/2024\/11\/legal.png","type":"","width":"","height":""}],"twitter_card":"summary_large_image","twitter_misc":{"Estimated reading time":"7 minutes"},"schema":{"@context":"https:\/\/schema.org","@graph":[{"@type":"WebPage","@id":"https:\/\/thebritishcentredonostia.com\/aviso-legal\/","url":"https:\/\/thebritishcentredonostia.com\/aviso-legal\/","name":"Aviso Legal - The British Centre Donostia","isPartOf":{"@id":"https:\/\/thebritishcentredonostia.com\/#website"},"primaryImageOfPage":{"@id":"https:\/\/thebritishcentredonostia.com\/aviso-legal\/#primaryimage"},"image":{"@id":"https:\/\/thebritishcentredonostia.com\/aviso-legal\/#primaryimage"},"thumbnailUrl":"https:\/\/initia.es\/wp-content\/uploads\/2024\/11\/legal.png","datePublished":"2024-06-19T20:21:42+00:00","dateModified":"2025-05-27T12:09:15+00:00","breadcrumb":{"@id":"https:\/\/thebritishcentredonostia.com\/aviso-legal\/#breadcrumb"},"inLanguage":"en-GB","potentialAction":[{"@type":"ReadAction","target":["https:\/\/thebritishcentredonostia.com\/aviso-legal\/"]}]},{"@type":"ImageObject","inLanguage":"en-GB","@id":"https:\/\/thebritishcentredonostia.com\/aviso-legal\/#primaryimage","url":"https:\/\/initia.es\/wp-content\/uploads\/2024\/11\/legal.png","contentUrl":"https:\/\/initia.es\/wp-content\/uploads\/2024\/11\/legal.png"},{"@type":"BreadcrumbList","@id":"https:\/\/thebritishcentredonostia.com\/aviso-legal\/#breadcrumb","itemListElement":[{"@type":"ListItem","position":1,"name":"Portada","item":"https:\/\/thebritishcentredonostia.com\/"},{"@type":"ListItem","position":2,"name":"Aviso Legal"}]},{"@type":"WebSite","@id":"https:\/\/thebritishcentredonostia.com\/#website","url":"https:\/\/thebritishcentredonostia.com\/","name":"The British Centre Donostia","description":"Centro ling\u00fc\u00edstico","potentialAction":[{"@type":"SearchAction","target":{"@type":"EntryPoint","urlTemplate":"https:\/\/thebritishcentredonostia.com\/?s={search_term_string}"},"query-input":{"@type":"PropertyValueSpecification","valueRequired":true,"valueName":"search_term_string"}}],"inLanguage":"en-GB"}]}},"_links":{"self":[{"href":"https:\/\/thebritishcentredonostia.com\/en\/wp-json\/wp\/v2\/pages\/2710","targetHints":{"allow":["GET"]}}],"collection":[{"href":"https:\/\/thebritishcentredonostia.com\/en\/wp-json\/wp\/v2\/pages"}],"about":[{"href":"https:\/\/thebritishcentredonostia.com\/en\/wp-json\/wp\/v2\/types\/page"}],"author":[{"embeddable":true,"href":"https:\/\/thebritishcentredonostia.com\/en\/wp-json\/wp\/v2\/users\/2"}],"replies":[{"embeddable":true,"href":"https:\/\/thebritishcentredonostia.com\/en\/wp-json\/wp\/v2\/comments?post=2710"}],"version-history":[{"count":2,"href":"https:\/\/thebritishcentredonostia.com\/en\/wp-json\/wp\/v2\/pages\/2710\/revisions"}],"predecessor-version":[{"id":3287,"href":"https:\/\/thebritishcentredonostia.com\/en\/wp-json\/wp\/v2\/pages\/2710\/revisions\/3287"}],"wp:attachment":[{"href":"https:\/\/thebritishcentredonostia.com\/en\/wp-json\/wp\/v2\/media?parent=2710"}],"curies":[{"name":"wp","href":"https:\/\/api.w.org\/{rel}","templated":true}]}}