{"id":2703,"date":"2024-06-19T22:19:53","date_gmt":"2024-06-19T20:19:53","guid":{"rendered":"https:\/\/thebritishcentredonostia.minervatech.es\/?page_id=2703"},"modified":"2025-05-27T14:07:55","modified_gmt":"2025-05-27T12:07:55","slug":"politica-de-cookies","status":"publish","type":"page","link":"https:\/\/thebritishcentredonostia.com\/en\/politica-de-cookies\/","title":{"rendered":"Cookie Policy"},"content":{"rendered":"<div class=\"fusion-fullwidth fullwidth-box fusion-builder-row-1 fusion-flex-container nonhundred-percent-fullwidth non-hundred-percent-height-scrolling\" style=\"--awb-border-radius-top-left:0px;--awb-border-radius-top-right:0px;--awb-border-radius-bottom-right:0px;--awb-border-radius-bottom-left:0px;--awb-flex-wrap:wrap;\" ><div class=\"fusion-builder-row fusion-row fusion-flex-align-items-flex-start fusion-flex-content-wrap\" style=\"max-width:1331.2px;margin-left: calc(-4% \/ 2 );margin-right: calc(-4% \/ 2 );\"><div class=\"fusion-layout-column fusion_builder_column fusion-builder-column-0 fusion_builder_column_1_1 1_1 fusion-flex-column\" style=\"--awb-bg-size:cover;--awb-width-large:100%;--awb-margin-top-large:0px;--awb-spacing-right-large:1.92%;--awb-margin-bottom-large:0px;--awb-spacing-left-large:1.92%;--awb-width-medium:100%;--awb-spacing-right-medium:1.92%;--awb-spacing-left-medium:1.92%;--awb-width-small:100%;--awb-spacing-right-small:1.92%;--awb-spacing-left-small:1.92%;\"><div class=\"fusion-column-wrapper fusion-flex-justify-content-flex-start fusion-content-layout-column\"><div class=\"fusion-text fusion-text-1\"><p><img decoding=\"async\" class=\"lazyload size-medium alignright\" src=\"data:image\/svg+xml,%3Csvg%20xmlns%3D%27http%3A%2F%2Fwww.w3.org%2F2000%2Fsvg%27%20width%3D%27200%27%20height%3D%27200%27%20viewBox%3D%270%200%20200%20200%27%3E%3Crect%20width%3D%27200%27%20height%3D%27200%27%20fill-opacity%3D%220%22%2F%3E%3C%2Fsvg%3E\" data-orig-src=\"https:\/\/initia.es\/wp-content\/uploads\/2024\/11\/cookies.png\" width=\"200\" height=\"200\" alt=\"politica de cookies logo\"><\/p>\n<style>\n  td { padding:10px; border: 1px black solid;}\n  .bold { font-weight: 700; }\n<\/style>\n<h1>POL\u00cdTICA DE COOKIES<\/h1>\n<p>&nbsp;<\/p>\n<h3>\u00bfQU\u00c9 ES UNA COOKIE?<\/h3>\n<p>Este sitio web utiliza <a href=\"https:\/\/thebritishcentredonostia.com\/en\/politica-de-cookies\/\" target=\"_self\">cookies<\/a> y\/o tecnolog\u00edas similares que almacenan y recuperan informaci\u00f3n cuando navegas. En general, estas tecnolog\u00edas pueden servir para finalidades muy diversas, como, por ejemplo, reconocerte como usuario, obtener informaci\u00f3n sobre tus h\u00e1bitos de navegaci\u00f3n o personalizas la forma en la que se muestra el contenido. Los usos concretos que hacemos de estas tecnolog\u00edas se describen a continuaci\u00f3n.<\/p>\n<p>&nbsp;<\/p>\n<h3>\u00bfQUI\u00c9N UTILIZA LA INFORMACI\u00d3N DE LAS COOKIES?<\/h3>\n<table>\n<tbody>\n<tr>\n<td class=\"bold\">Nombre de la empresa<\/td>\n<td>CENTRO LINGUISTICO BASQUE UK S.L.<\/td>\n<\/tr>\n<tr>\n<td class=\"bold\">NIF<\/td>\n<td>B75141937<\/td>\n<\/tr>\n<tr>\n<td class=\"bold\">Address<\/td>\n<td>BERMINGHAM KALEA, 9, CP 20002 DONOSTIA, GIPUZKOA, ESPA\u00f1A<\/td>\n<\/tr>\n<tr>\n<td class=\"bold\">Email<\/td>\n<td>info@thebritishcentre.com<\/td>\n<\/tr>\n<tr>\n<td class=\"bold\">Web<\/td>\n<td>https:\/\/thebritishcentredonostia.com\/<\/td>\n<\/tr>\n<tr>\n<td class=\"bold\">Inscripci\u00f3n en registro mercantil<\/td>\n<td>N\/A<\/td>\n<\/tr>\n<\/tbody>\n<\/table>\n<p>&nbsp;<\/p>\n<h3>\u00bfQU\u00c9 TIPOS DE COOKIES EXISTEN?<\/h3>\n<p>Las Cookies pueden clasificarse, en virtud de sus caracter\u00edsticas propias, dentro de diversas categor\u00edas.<\/p>\n<h5>Seg\u00fan la entidad que la gestione:<\/h5>\n<h6>Cookies propias.<\/h6>\n<p>Son aquellas que se env\u00edan a tu ordenador y son gestionadas exclusivamente por nosotros para el mejor funcionamiento del Sitio Web.<\/p>\n<h6>Cookies de terceros.<\/h6>\n<p>Son aquellas que se env\u00edan a tu ordenador y no son gestionadas por nosotros sino por una tercera entidad.<\/p>\n<h5>Seg\u00fan el plazo de tiempo que permanecen activadas:<\/h5>\n<h6>Cookies de sesi\u00f3n.<\/h6>\n<p>Este tipo de cookies recaban y almacenan datos \u00fanicamente mientras el Usuario accede al Sitio Web.<\/p>\n<h6>Cookies persistentes.<\/h6>\n<p>Mediante este tipo de cookies los datos siguen almacenados y pueden ser accedidos y tratados durante el periodo definido por el responsable de la cookie, y puede ir de unos minutos a varios a\u00f1os.<\/p>\n<h5>Seg\u00fan la finalidad:<\/h5>\n<h6>Cookies t\u00e9cnicas.<\/h6>\n<p>Son aquellas que permiten al usuario la navegaci\u00f3n a trav\u00e9s del sitio web, plataforma o aplicaci\u00f3n y la utilizaci\u00f3n de las diferentes opciones o servicios que el mismo ofrece, como por ejemplo, controlar el tr\u00e1fico y la comunicaci\u00f3n de datos, identificar la sesi\u00f3n, acceder a partes de acceso restringido, recordar los elementos que integran un pedido, realizar el proceso de compra de un pedido, realizar la solicitud de inscripci\u00f3n o participaci\u00f3n en un evento, utilizar elementos de seguridad durante la navegaci\u00f3n, almacenar contenidos para la difusi\u00f3n de videos o sonido o compartir contenidos a trav\u00e9s de redes sociales.<\/p>\n<h6>Cookies de personalizaci\u00f3n.<\/h6>\n<p>Son aqu\u00e9llas que permiten al usuario accede al servicio con algunas caracter\u00edsticas de car\u00e1cter general predefinidas, como por ejemplo el idioma, la configuraci\u00f3n regional desde donde accede al servicio, etc.<\/p>\n<h6>Cookies de an\u00e1lisis.<\/h6>\n<p>Aqu\u00e9llas que permiten al responsable de las mismas, el seguimiento y an\u00e1lisis del comportamiento de los usuarios de los sitios web a los que est\u00e1n vinculadas. La informaci\u00f3n recogida mediante este tipo de cookies se utiliza en la medici\u00f3n de la actividad de los sitios web, aplicaci\u00f3n o plataforma y para la elaboraci\u00f3n de perfiles de navegaci\u00f3n de los usuarios de dichos sitios, aplicaciones y plataformas, con el fin de introducir mejoras en funci\u00f3n del an\u00e1lisis de los datos de uso que hacen los usuarios del servicio.<\/p>\n<h6>Cookies publicitarias.<\/h6>\n<p>Son aqu\u00e9llas que permiten la gesti\u00f3n, de la forma m\u00e1s eficaz posible, de los espacios publicitarios que, en su caso, se haya incluido en el sitio web, aplicaci\u00f3n o plataforma desde la que presta el servicio solicitado en base a los criterios como el contenido editado o la frecuencia en la que se muestran los anuncios.<\/p>\n<h6>Cookies de publicidad comportamental.<\/h6>\n<p>Son aquellas que permiten la gesti\u00f3n, de la forma m\u00e1s eficaz posible, de los espacios publicitarios que, en su caso, el editor haya incluido en su p\u00e1gina web, aplicaci\u00f3n o plataforma desde la que presta el servicio solicitado. Estas cookies almacenan informaci\u00f3n del comportamiento de los usuarios obtenida a trav\u00e9s de la observaci\u00f3n continuada de sus h\u00e1bitos de navegaci\u00f3n, lo que permite desarrollar un perfil espec\u00edfico para mostrar publicidad en funci\u00f3n del mismo.<\/p>\n<p>&nbsp;<\/p>\n<h3>\u00bfQU\u00c9 TIPOS DE COOKIES UTILIZA ESTE SITIO WEB?<\/h3>\n<p>A continuaci\u00f3n, se especifican las cookies en concreto empleadas en el presente Sitio Web:<\/p>\n<table>\n<thead>\n<tr>\n<th>Nombre<\/th>\n<th>Tipo<\/th>\n<th>Duraci\u00f3n<\/th>\n<th>Propias\/Terceros<\/th>\n<th>Dominio<\/th>\n<th>Clase<\/th>\n<th>Finalidad<\/th>\n<\/tr>\n<\/thead>\n<tbody>\n<tr>\n<td class=\"bold\">cookiefirst-consent<\/td>\n<td>Almacenamiento local<\/td>\n<td>1 a\u00f1o<\/td>\n<td><a href=\"https:\/\/cookiefirst.com\/legal\/data-processing-agreement\/\" target=\"_blank\">Cookie First<\/a><\/td>\n<td>https:\/\/thebritishcentredonostia.com\/<\/td>\n<td>Necesaria<\/td>\n<td>Esta cookie guarda sus preferencias de cookies para este sitio web. Usted puede cambiarlos o retirar su consentimiento f\u00e1cilmente.<\/td>\n<\/tr>\n<tr>\n<td class=\"bold\">cookiefirst-consent<\/td>\n<td>Almacenamiento local<\/td>\n<td>Persistente<\/td>\n<td><a href=\"https:\/\/cookiefirst.com\/legal\/data-processing-agreement\/\" target=\"_blank\">Cookie First<\/a><\/td>\n<td>https:\/\/thebritishcentredonostia.com\/<\/td>\n<td>Necesaria<\/td>\n<td>Esta cookie guarda sus preferencias de cookies para este sitio web. Usted puede cambiarlos o retirar su consentimiento f\u00e1cilmente.<\/td>\n<\/tr>\n<tr>\n<td class=\"bold\">cookiefirst-id<\/td>\n<td>Cookie<\/td>\n<td>Persistente<\/td>\n<td><a href=\"https:\/\/cookiefirst.com\/legal\/data-processing-agreement\/\" target=\"_blank\">Cookie First<\/a><\/td>\n<td>https:\/\/thebritishcentredonostia.com\/<\/td>\n<td>Necesaria<\/td>\n<td>Esta cookie contiene su identificaci\u00f3n \u00fanica para que CookieFirst pueda identificar a los visitantes \u00fanicos de este sitio web.<\/td>\n<\/tr>\n<tr>\n<td class=\"bold\">_ga<\/td>\n<td>Cookie<\/td>\n<td>2 a\u00f1os<\/td>\n<td><a href=\"https:\/\/policies.google.com\/privacy?hl=en-US\" target=\"_blank\">Google LLC.<\/a><\/td>\n<td>https:\/\/thebritishcentredonostia.com\/<\/td>\n<td>De rendimiento<\/td>\n<td>Registra una identificaci\u00f3n \u00fanica para que un visitante del sitio web realice un seguimiento de c\u00f3mo el visitante utiliza el sitio web. Los datos se utilizan para estad\u00edsticas. Transferencia de datos a terceros pa\u00edses: EE.UU. Google LLC. est\u00e1 certificado bajo el Marco de Privacidad de Datos, lo que indica que sus derechos como interesado pueden estar garantizados.<\/td>\n<\/tr>\n<tr>\n<td class=\"bold\">_ga_********<\/td>\n<td>Cookie<\/td>\n<td>2 a\u00f1os<\/td>\n<td><a href=\"https:\/\/policies.google.com\/privacy?hl=en-US\" target=\"_blank\">Google LLC.<\/a><\/td>\n<td>https:\/\/thebritishcentredonostia.com\/<\/td>\n<td>De rendimiento<\/td>\n<td>Esta cookie almacena una identificaci\u00f3n \u00fanica para un visitante del sitio web y rastrea c\u00f3mo el visitante utiliza el sitio web. Los datos se utilizan para estad\u00edsticas. Transferencia de datos. a terceros pa\u00edses: EE.UU. Google LLC. est\u00e1 certificado bajo el Marco de Privacidad de Datos, lo que indica que sus derechos como interesado pueden estar garantizados.<\/td>\n<\/tr>\n<tr>\n<td class=\"bold\">_gat_*****<\/td>\n<td>Cookie<\/td>\n<td>1 minuto<\/td>\n<td><a href=\"https:\/\/policies.google.com\/privacy?hl=en-US\" target=\"_blank\">Google LLC.<\/a><\/td>\n<td>https:\/\/thebritishcentredonostia.com\/<\/td>\n<td>De rendimiento<\/td>\n<td>La cookie _gat_UA es una variaci\u00f3n de la cookie _gat de Google Analytics. Se utiliza para limitar la recopilaci\u00f3n de datos en sitios web de alto tr\u00e1fico. La cookie est\u00e1 configurada por el c\u00f3digo de seguimiento de Google Analytics y contiene la identificaci\u00f3n \u00fanica de la cuenta de seguimiento o el sitio web con el que se relaciona. La cookie _gat_UA generalmente se usa para acelerar la tasa de solicitud, lo que significa que limita la cantidad de datos que Google Analytics puede recopilar del sitio web.<\/td>\n<\/tr>\n<tr>\n<td class=\"bold\">_gid<\/td>\n<td>Cookie<\/td>\n<td>1 d\u00eda<\/td>\n<td><a href=\"https:\/\/policies.google.com\/privacy?hl=en-US\" target=\"_blank\">Google LLC.<\/a><\/td>\n<td>https:\/\/thebritishcentredonostia.com\/<\/td>\n<td>De rendimiento<\/td>\n<td>Registra una identificaci\u00f3n \u00fanica para que un visitante del sitio web realice un seguimiento de c\u00f3mo el visitante utiliza el sitio web. Los datos se utilizan para estad\u00edsticas. Transferencia de datos a terceros pa\u00edses: EE.UU. Google LLC. est\u00e1 certificado bajo el Marco de Privacidad de Datos, lo que indica que sus derechos como interesado pueden estar garantizados.<\/td>\n<\/tr>\n<tr>\n<td class=\"bold\">_lscache_vary<\/td>\n<td>Cookie<\/td>\n<td>2 d\u00edas<\/td>\n<td><a href=\"https:\/\/www.litespeedtech.com\/\" target=\"_blank\">LiteSpeed<\/a><\/td>\n<td>https:\/\/thebritishcentredonostia.com\/<\/td>\n<td>De rendimiento<\/td>\n<td>Esta cookie es compatible con la optimizaci\u00f3n web a trav\u00e9s de LiteSpeed Cache para WordPress<\/td>\n<\/tr>\n<tr>\n<td class=\"bold\">_GRECAPTCHA<\/td>\n<td>Cookie<\/td>\n<td> meses<\/td>\n<td><a href=\"https:\/\/policies.google.com\/privacy?hl=en-US\" target=\"_blank\">Google LLC.<\/a><\/td>\n<td>https:\/\/www.google.com\/<\/td>\n<td>Funcionales<\/td>\n<td>Necesario para que el captcha funcione. Almacena un c\u00f3digo para evitar la suplantaci\u00f3n de identidad del usuario.<\/td>\n<\/tr>\n<\/tbody>\n<\/table>\n<p>Esta tabla puede ser actualizada conforme a las cookies empleadas en cada momento. Te aconsejamos que consulte nuestra Pol\u00edtica de Cookies de forma regular. <\/p>\n<p>&nbsp;<\/p>\n<h3>\u00bfSE REALIZAN TRANFERENCIAS DE DATOS A TERCEROS PA\u00cdSES?<\/h3>\n<p>Puedes informarte de las transferencias a terceros pa\u00edses que, en su caso, realizan los terceros identificados en esta pol\u00edtica de cookies en sus correspondientes pol\u00edticas (Ver los enlaces facilitados en la tabla anterior, en el apartado de cookies de terceros).<\/p>\n<p>&nbsp;<\/p>\n<h3>\u00bfC\u00d3MO DESHABILITAR Y BLOQUEAR COOKIES? <\/h3>\n<p>Te informamos que, en cualquier caso, puedes deshabilitar o bloquear las cookies activando la configuraci\u00f3n de tu navegador, permiti\u00e9ndote rechazar la instalaci\u00f3n de todas o algunas de las cookies. En caso de no permitir la instalaci\u00f3n de cookies es posible que no puedas acceder a algunas de las funcionalidades del presente sitio web, y por tanto, tu experiencia como usuario en el sitio web resulte menos satisfactoria.<\/p>\n<p>Puedes permitir, bloquear o eliminar las cookies instaladas en tu equipo mediante la configuraci\u00f3n de las opciones del navegador instalado en tu ordenador. Para m\u00e1s informaci\u00f3n sobre c\u00f3mo ajustar sus configuraciones de cookies en los siguientes navegadores, te remitimos al enlace pertinente:<\/p>\n<ul>\n<li><a href=\"https:\/\/support.microsoft.com\/es-es\/help\/17442\/windows-internet-explorer-delete-manage-cookies\">Microsoft Internet Explorer<\/a><\/li>\n<li><a href=\"https:\/\/support.mozilla.org\/es\/kb\/habilitar-y-deshabilitar-cookies-sitios-web-rastrear-preferencias?redirectlocale=es&amp;redirectslug=habilitar-y-deshabilitar-cookies-que-los-sitios-we\">Mozilla Firefox<\/a><\/li>\n<li><a href=\"http:\/\/support.google.com\/chrome\/bin\/answer.py?hl=en&amp;answer=9564\">Google Chrome<\/a><\/li>\n<li><a href=\"https:\/\/support.apple.com\/kb\/PH19214?viewlocale=es_ES&amp;locale=es_ES\">Safari (Apple)<\/a><\/li>\n<li><a href=\"http:\/\/help.opera.com\/Windows\/11.50\/es-ES\/cookies.html\">Opera<\/a><\/li>\n<\/ul>\n<p>&nbsp;<\/p>\n<h3>\u00bfQU\u00c9 DERECHOS TIENES SOBRE LOS DATOS PERSONALES APORTADOS?<\/h3>\n<p>Como usuario, puedes ejercitar los siguientes derechos:<\/p>\n<h5>Derecho de acceso.<\/h5>\n<p>Tienes derecho a obtener por parte de la empresa confirmaci\u00f3n de si se est\u00e1n tratando o no tus datos personales que, y en su caso, qu\u00e9 datos trata.<\/p>\n<h5>Derecho de rectificaci\u00f3n.<\/h5>\n<p>Tienes derecho a obtener por parte de la empresa, la rectificaci\u00f3n de los datos personales inexactos que te conciernen. En la solicitud de rectificaci\u00f3n deber\u00e1s indicar los datos que deseas que se modifiquen.<\/p>\n<h5>Derecho de oposici\u00f3n.<\/h5>\n<p>Tienes derecho a oponerte en cualquier momento, por motivos relacionados con tu situaci\u00f3n particular, a que datos personales que te conciernan sean objeto de un tratamiento basado en el inter\u00e9s leg\u00edtimo de la empresa. En ese caso, la empresa dejar\u00e1 de tratar los datos personales, salvo que acreditemos motivos leg\u00edtimos imperiosos para el tratamiento que prevalezcan sobre tus intereses, derechos y libertades, o para la formulaci\u00f3n, el ejercicio o la defensa de reclamaciones.<\/p>\n<h5>Derecho de supresi\u00f3n.<\/h5>\n<p>Tienes derecho a obtener por parte de la empresa, la supresi\u00f3n de los datos personales que te conciernan.<\/p>\n<h5>Derecho a la portabilidad de los datos.<\/h5>\n<p>Tienes derecho a que la empresa transfiera tus datos personales a otro responsable del tratamiento. Solo es posible ejercer este derecho cuando el tratamiento est\u00e9 basado en la ejecuci\u00f3n de un contrato o en tu consentimiento y el tratamiento se realice por medios automatizados.<\/p>\n<h5>Derecho a la limitaci\u00f3n del tratamiento.<\/h5>\n<p>Tienes derecho a solicitarnos que suspendamos el tratamiento de tus datos cuando: impugnes la exactitud de los datos, mientras la empresa verifica dicha exactitud; hayas ejercido el derecho de oposici\u00f3n al tratamiento de tus datos, mientras que se verifica si los motivos leg\u00edtimos de la empresa prevalecen sobre los tuyos como interesado.<\/p>\n<h5>Derecho a no ser objeto de decisiones individuales automatizadas, incluida la elaboraci\u00f3n de perfiles.<\/h5>\n<p>Tienes derecho a no ser objeto de una decisi\u00f3n basada \u00fanicamente en el tratamiento automatizado, incluida la elaboraci\u00f3n de perfiles, que produzca efectos jur\u00eddicos o te afecte significativamente de modo similar.<\/p>\n<p>En cualquier momento, podr\u00e1s ejercitar estos Derechos, mediante un escrito y acreditando Tu personalidad dirigido al responsable del tratamiento, a la direcci\u00f3n que aparece m\u00e1s arriba.<\/p>\n<p>Adem\u00e1s, podr\u00e1s presentar una reclamaci\u00f3n ante la autoridad de control, en este caso, la Agencia Espa\u00f1ola de Protecci\u00f3n de Datos, si consideras que el tratamiento de datos personales infringe la legislaci\u00f3n aplicable.<\/p>\n<\/div><\/div><\/div><\/div><\/div>","protected":false},"excerpt":{"rendered":"","protected":false},"author":2,"featured_media":0,"parent":0,"menu_order":0,"comment_status":"closed","ping_status":"closed","template":"100-width.php","meta":{"footnotes":""},"class_list":["post-2703","page","type-page","status-publish","hentry"],"yoast_head":"<!-- This site is optimized with the Yoast SEO plugin v27.4 - https:\/\/yoast.com\/product\/yoast-seo-wordpress\/ -->\n<title>Pol\u00edtica de Cookies - The British Centre Donostia<\/title>\n<meta name=\"robots\" content=\"index, follow, max-snippet:-1, max-image-preview:large, max-video-preview:-1\" \/>\n<link rel=\"canonical\" href=\"https:\/\/thebritishcentredonostia.com\/en\/politica-de-cookies\/\" \/>\n<meta property=\"og:locale\" content=\"en_GB\" \/>\n<meta property=\"og:type\" content=\"article\" \/>\n<meta property=\"og:title\" content=\"Pol\u00edtica de Cookies - The British Centre Donostia\" \/>\n<meta property=\"og:url\" content=\"https:\/\/thebritishcentredonostia.com\/en\/politica-de-cookies\/\" \/>\n<meta property=\"og:site_name\" content=\"The British Centre Donostia\" \/>\n<meta property=\"article:modified_time\" content=\"2025-05-27T12:07:55+00:00\" \/>\n<meta property=\"og:image\" content=\"https:\/\/initia.es\/wp-content\/uploads\/2024\/11\/cookies.png\" \/>\n<meta name=\"twitter:card\" content=\"summary_large_image\" \/>\n<meta name=\"twitter:label1\" content=\"Estimated reading time\" \/>\n\t<meta name=\"twitter:data1\" content=\"10 minutes\" \/>\n<script type=\"application\/ld+json\" class=\"yoast-schema-graph\">{\"@context\":\"https:\\\/\\\/schema.org\",\"@graph\":[{\"@type\":\"WebPage\",\"@id\":\"https:\\\/\\\/thebritishcentredonostia.com\\\/politica-de-cookies\\\/\",\"url\":\"https:\\\/\\\/thebritishcentredonostia.com\\\/politica-de-cookies\\\/\",\"name\":\"Pol\u00edtica de Cookies - The British Centre Donostia\",\"isPartOf\":{\"@id\":\"https:\\\/\\\/thebritishcentredonostia.com\\\/#website\"},\"primaryImageOfPage\":{\"@id\":\"https:\\\/\\\/thebritishcentredonostia.com\\\/politica-de-cookies\\\/#primaryimage\"},\"image\":{\"@id\":\"https:\\\/\\\/thebritishcentredonostia.com\\\/politica-de-cookies\\\/#primaryimage\"},\"thumbnailUrl\":\"https:\\\/\\\/initia.es\\\/wp-content\\\/uploads\\\/2024\\\/11\\\/cookies.png\",\"datePublished\":\"2024-06-19T20:19:53+00:00\",\"dateModified\":\"2025-05-27T12:07:55+00:00\",\"breadcrumb\":{\"@id\":\"https:\\\/\\\/thebritishcentredonostia.com\\\/politica-de-cookies\\\/#breadcrumb\"},\"inLanguage\":\"en-GB\",\"potentialAction\":[{\"@type\":\"ReadAction\",\"target\":[\"https:\\\/\\\/thebritishcentredonostia.com\\\/politica-de-cookies\\\/\"]}]},{\"@type\":\"ImageObject\",\"inLanguage\":\"en-GB\",\"@id\":\"https:\\\/\\\/thebritishcentredonostia.com\\\/politica-de-cookies\\\/#primaryimage\",\"url\":\"https:\\\/\\\/initia.es\\\/wp-content\\\/uploads\\\/2024\\\/11\\\/cookies.png\",\"contentUrl\":\"https:\\\/\\\/initia.es\\\/wp-content\\\/uploads\\\/2024\\\/11\\\/cookies.png\"},{\"@type\":\"BreadcrumbList\",\"@id\":\"https:\\\/\\\/thebritishcentredonostia.com\\\/politica-de-cookies\\\/#breadcrumb\",\"itemListElement\":[{\"@type\":\"ListItem\",\"position\":1,\"name\":\"Portada\",\"item\":\"https:\\\/\\\/thebritishcentredonostia.com\\\/\"},{\"@type\":\"ListItem\",\"position\":2,\"name\":\"Pol\u00edtica de Cookies\"}]},{\"@type\":\"WebSite\",\"@id\":\"https:\\\/\\\/thebritishcentredonostia.com\\\/#website\",\"url\":\"https:\\\/\\\/thebritishcentredonostia.com\\\/\",\"name\":\"The British Centre Donostia\",\"description\":\"Centro ling\u00fc\u00edstico\",\"potentialAction\":[{\"@type\":\"SearchAction\",\"target\":{\"@type\":\"EntryPoint\",\"urlTemplate\":\"https:\\\/\\\/thebritishcentredonostia.com\\\/?s={search_term_string}\"},\"query-input\":{\"@type\":\"PropertyValueSpecification\",\"valueRequired\":true,\"valueName\":\"search_term_string\"}}],\"inLanguage\":\"en-GB\"}]}<\/script>\n<!-- \/ Yoast SEO plugin. -->","yoast_head_json":{"title":"Pol\u00edtica de Cookies - The British Centre Donostia","robots":{"index":"index","follow":"follow","max-snippet":"max-snippet:-1","max-image-preview":"max-image-preview:large","max-video-preview":"max-video-preview:-1"},"canonical":"https:\/\/thebritishcentredonostia.com\/en\/politica-de-cookies\/","og_locale":"en_GB","og_type":"article","og_title":"Pol\u00edtica de Cookies - The British Centre Donostia","og_url":"https:\/\/thebritishcentredonostia.com\/en\/politica-de-cookies\/","og_site_name":"The British Centre Donostia","article_modified_time":"2025-05-27T12:07:55+00:00","og_image":[{"url":"https:\/\/initia.es\/wp-content\/uploads\/2024\/11\/cookies.png","type":"","width":"","height":""}],"twitter_card":"summary_large_image","twitter_misc":{"Estimated reading time":"10 minutes"},"schema":{"@context":"https:\/\/schema.org","@graph":[{"@type":"WebPage","@id":"https:\/\/thebritishcentredonostia.com\/politica-de-cookies\/","url":"https:\/\/thebritishcentredonostia.com\/politica-de-cookies\/","name":"Pol\u00edtica de Cookies - The British Centre Donostia","isPartOf":{"@id":"https:\/\/thebritishcentredonostia.com\/#website"},"primaryImageOfPage":{"@id":"https:\/\/thebritishcentredonostia.com\/politica-de-cookies\/#primaryimage"},"image":{"@id":"https:\/\/thebritishcentredonostia.com\/politica-de-cookies\/#primaryimage"},"thumbnailUrl":"https:\/\/initia.es\/wp-content\/uploads\/2024\/11\/cookies.png","datePublished":"2024-06-19T20:19:53+00:00","dateModified":"2025-05-27T12:07:55+00:00","breadcrumb":{"@id":"https:\/\/thebritishcentredonostia.com\/politica-de-cookies\/#breadcrumb"},"inLanguage":"en-GB","potentialAction":[{"@type":"ReadAction","target":["https:\/\/thebritishcentredonostia.com\/politica-de-cookies\/"]}]},{"@type":"ImageObject","inLanguage":"en-GB","@id":"https:\/\/thebritishcentredonostia.com\/politica-de-cookies\/#primaryimage","url":"https:\/\/initia.es\/wp-content\/uploads\/2024\/11\/cookies.png","contentUrl":"https:\/\/initia.es\/wp-content\/uploads\/2024\/11\/cookies.png"},{"@type":"BreadcrumbList","@id":"https:\/\/thebritishcentredonostia.com\/politica-de-cookies\/#breadcrumb","itemListElement":[{"@type":"ListItem","position":1,"name":"Portada","item":"https:\/\/thebritishcentredonostia.com\/"},{"@type":"ListItem","position":2,"name":"Pol\u00edtica de Cookies"}]},{"@type":"WebSite","@id":"https:\/\/thebritishcentredonostia.com\/#website","url":"https:\/\/thebritishcentredonostia.com\/","name":"The British Centre Donostia","description":"Centro ling\u00fc\u00edstico","potentialAction":[{"@type":"SearchAction","target":{"@type":"EntryPoint","urlTemplate":"https:\/\/thebritishcentredonostia.com\/?s={search_term_string}"},"query-input":{"@type":"PropertyValueSpecification","valueRequired":true,"valueName":"search_term_string"}}],"inLanguage":"en-GB"}]}},"_links":{"self":[{"href":"https:\/\/thebritishcentredonostia.com\/en\/wp-json\/wp\/v2\/pages\/2703","targetHints":{"allow":["GET"]}}],"collection":[{"href":"https:\/\/thebritishcentredonostia.com\/en\/wp-json\/wp\/v2\/pages"}],"about":[{"href":"https:\/\/thebritishcentredonostia.com\/en\/wp-json\/wp\/v2\/types\/page"}],"author":[{"embeddable":true,"href":"https:\/\/thebritishcentredonostia.com\/en\/wp-json\/wp\/v2\/users\/2"}],"replies":[{"embeddable":true,"href":"https:\/\/thebritishcentredonostia.com\/en\/wp-json\/wp\/v2\/comments?post=2703"}],"version-history":[{"count":3,"href":"https:\/\/thebritishcentredonostia.com\/en\/wp-json\/wp\/v2\/pages\/2703\/revisions"}],"predecessor-version":[{"id":3285,"href":"https:\/\/thebritishcentredonostia.com\/en\/wp-json\/wp\/v2\/pages\/2703\/revisions\/3285"}],"wp:attachment":[{"href":"https:\/\/thebritishcentredonostia.com\/en\/wp-json\/wp\/v2\/media?parent=2703"}],"curies":[{"name":"wp","href":"https:\/\/api.w.org\/{rel}","templated":true}]}}