{"id":2674,"date":"2024-06-19T22:18:34","date_gmt":"2024-06-19T20:18:34","guid":{"rendered":"https:\/\/thebritishcentredonostia.minervatech.es\/?page_id=2674"},"modified":"2024-07-16T23:45:41","modified_gmt":"2024-07-16T21:45:41","slug":"contacto","status":"publish","type":"page","link":"https:\/\/thebritishcentredonostia.com\/en\/contacto\/","title":{"rendered":"Contact"},"content":{"rendered":"<p><div class=\"fusion-fullwidth fullwidth-box fusion-builder-row-1 fusion-flex-container has-pattern-background has-mask-background nonhundred-percent-fullwidth non-hundred-percent-height-scrolling\" style=\"--awb-border-radius-top-left:0px;--awb-border-radius-top-right:0px;--awb-border-radius-bottom-right:0px;--awb-border-radius-bottom-left:0px;--awb-flex-wrap:wrap;\" ><div class=\"fusion-builder-row fusion-row fusion-flex-align-items-flex-start fusion-flex-content-wrap\" style=\"max-width:1331.2px;margin-left: calc(-4% \/ 2 );margin-right: calc(-4% \/ 2 );\"><div class=\"fusion-layout-column fusion_builder_column fusion-builder-column-0 fusion_builder_column_1_2 1_2 fusion-flex-column\" style=\"--awb-bg-size:cover;--awb-width-large:50%;--awb-margin-top-large:20px;--awb-spacing-right-large:3.84%;--awb-margin-bottom-large:20px;--awb-spacing-left-large:3.84%;--awb-width-medium:100%;--awb-order-medium:0;--awb-spacing-right-medium:1.92%;--awb-spacing-left-medium:1.92%;--awb-width-small:100%;--awb-order-small:0;--awb-spacing-right-small:1.92%;--awb-spacing-left-small:1.92%;\"><div class=\"fusion-column-wrapper fusion-column-has-shadow fusion-flex-justify-content-flex-start fusion-content-layout-column\"><div class=\"fusion-title title fusion-title-1 fusion-sep-none fusion-title-text fusion-title-size-three\" style=\"--awb-font-size:40px;\"><h3 class=\"fusion-title-heading title-heading-left fusion-responsive-typography-calculated\" style=\"font-family:var(--awb-typography1-font-family);font-weight:var(--awb-typography1-font-weight);font-style:var(--awb-typography1-font-style);margin:0;font-size:1em;letter-spacing:var(--awb-typography1-letter-spacing);text-transform:var(--awb-typography1-text-transform);--fontSize:40;line-height:var(--awb-typography1-line-height);\">Shall we start?<\/h3><\/div><div class=\"fusion-text fusion-text-1\"><p>Don't miss the opportunity to improve your English with the best in San Sebasti\u00e1n. At The British Centre, we offer dynamic and personalized classes tailored to your needs. Enroll now and start your journey towards success in English!<\/p>\n<\/div><div class=\"fusion-title title fusion-title-2 fusion-sep-none fusion-title-text fusion-title-size-five\" style=\"--awb-text-color:var(--awb-color7);--awb-font-size:25px;\"><h5 class=\"fusion-title-heading title-heading-left fusion-responsive-typography-calculated\" style=\"margin:0;font-size:1em;text-transform:none;--fontSize:25;--minFontSize:25;line-height:1.5;\">Contact us!<\/h5><\/div><ul style=\"--awb-size:20px;--awb-line-height:34px;--awb-icon-width:34px;--awb-icon-height:34px;--awb-icon-margin:14px;--awb-content-margin:48px;--awb-circlecolor:var(--awb-color6);--awb-circle-yes-font-size:17.6px;\" class=\"fusion-checklist fusion-checklist-1 fusion-checklist-default type-icons\"><li class=\"fusion-li-item\" style=\"\"><span class=\"icon-wrapper circle-yes\"><i class=\"fusion-li-icon awb-icon-check\" aria-hidden=\"true\"><\/i><\/span><div class=\"fusion-li-item-content\">Tel: (+34) 943 285 132<\/div><\/li><li class=\"fusion-li-item\" style=\"\"><span class=\"icon-wrapper circle-yes\"><i class=\"fusion-li-icon fa-at fas\" aria-hidden=\"true\"><\/i><\/span><div class=\"fusion-li-item-content\">\n<p>info@thebritishcentredonostia.com<\/p>\n<\/div><\/li><li class=\"fusion-li-item\" style=\"\"><span class=\"icon-wrapper circle-yes\"><i class=\"fusion-li-icon fa-map-marker-alt fas\" aria-hidden=\"true\"><\/i><\/span><div class=\"fusion-li-item-content\">\n<p>Calle de Bermingham 9 Donostia, Gipuzkoa 20002<\/p>\n<\/div><\/li><\/ul><div class=\"fusion-image-element\" style=\"--awb-max-width:150px;--awb-caption-title-font-family:var(--h2_typography-font-family);--awb-caption-title-font-weight:var(--h2_typography-font-weight);--awb-caption-title-font-style:var(--h2_typography-font-style);--awb-caption-title-size:var(--h2_typography-font-size);--awb-caption-title-transform:var(--h2_typography-text-transform);--awb-caption-title-line-height:var(--h2_typography-line-height);--awb-caption-title-letter-spacing:var(--h2_typography-letter-spacing);\"><span class=\"fusion-imageframe imageframe-none imageframe-1 hover-type-none\"><img decoding=\"async\" width=\"1024\" height=\"1015\" title=\"arrow\" src=\"https:\/\/thebritishcentredonostia.com\/wp-content\/uploads\/2024\/07\/arrow.png\" data-orig-src=\"https:\/\/thebritishcentredonostia.com\/wp-content\/uploads\/2024\/07\/arrow-1024x1015.png\" alt class=\"lazyload img-responsive wp-image-3049\" srcset=\"data:image\/svg+xml,%3Csvg%20xmlns%3D%27http%3A%2F%2Fwww.w3.org%2F2000%2Fsvg%27%20width%3D%271154%27%20height%3D%271144%27%20viewBox%3D%270%200%201154%201144%27%3E%3Crect%20width%3D%271154%27%20height%3D%271144%27%20fill-opacity%3D%220%22%2F%3E%3C%2Fsvg%3E\" data-srcset=\"https:\/\/thebritishcentredonostia.com\/wp-content\/uploads\/2024\/07\/arrow-200x198.png 200w, https:\/\/thebritishcentredonostia.com\/wp-content\/uploads\/2024\/07\/arrow-400x397.png 400w, https:\/\/thebritishcentredonostia.com\/wp-content\/uploads\/2024\/07\/arrow-600x595.png 600w, https:\/\/thebritishcentredonostia.com\/wp-content\/uploads\/2024\/07\/arrow-800x793.png 800w, https:\/\/thebritishcentredonostia.com\/wp-content\/uploads\/2024\/07\/arrow.png 1154w\" data-sizes=\"auto\" data-orig-sizes=\"(max-width: 1024px) 100vw, (max-width: 640px) 100vw, 800px\" \/><\/span><\/div><\/div><\/div>\n<div class=\"fusion-layout-column fusion_builder_column fusion-builder-column-1 fusion_builder_column_1_2 1_2 fusion-flex-column\" style=\"--awb-bg-size:cover;--awb-width-large:50%;--awb-margin-top-large:20px;--awb-spacing-right-large:3.84%;--awb-margin-bottom-large:20px;--awb-spacing-left-large:3.84%;--awb-width-medium:100%;--awb-order-medium:0;--awb-spacing-right-medium:1.92%;--awb-spacing-left-medium:1.92%;--awb-width-small:100%;--awb-order-small:0;--awb-spacing-right-small:1.92%;--awb-spacing-left-small:1.92%;\"><div class=\"fusion-column-wrapper fusion-column-has-shadow fusion-flex-justify-content-flex-start fusion-content-layout-column\"><div class=\"fusion-form fusion-form-builder fusion-form-form-wrapper fusion-form-2064\" style=\"--awb-tooltip-text-color:#ffffff;--awb-tooltip-background-color:#333333;\" data-form-id=\"2064\" data-config=\"{&quot;form_id&quot;:&quot;2064&quot;,&quot;form_post_id&quot;:&quot;2064&quot;,&quot;post_id&quot;:2674,&quot;form_type&quot;:&quot;ajax&quot;,&quot;confirmation_type&quot;:&quot;message&quot;,&quot;redirect_url&quot;:&quot;&quot;,&quot;field_labels&quot;:{&quot;Nombre y Apellidos&quot;:&quot;Nombre y Apellidos&quot;,&quot;email&quot;:&quot;Email&quot;,&quot;mensaje&quot;:&quot;Mensaje&quot;,&quot;acepto_la_politica_de_privacidad&quot;:&quot;&quot;,&quot;acepto_tratamiento_datos&quot;:&quot;&quot;},&quot;field_logics&quot;:{&quot;Nombre y Apellidos&quot;:&quot;&quot;,&quot;email&quot;:&quot;&quot;,&quot;mensaje&quot;:&quot;&quot;,&quot;acepto_la_politica_de_privacidad&quot;:&quot;&quot;,&quot;acepto_tratamiento_datos&quot;:&quot;&quot;,&quot;notice_1&quot;:&quot;&quot;},&quot;field_types&quot;:{&quot;Nombre y Apellidos&quot;:&quot;text&quot;,&quot;email&quot;:&quot;email&quot;,&quot;mensaje&quot;:&quot;textarea&quot;,&quot;acepto_la_politica_de_privacidad&quot;:&quot;consent&quot;,&quot;acepto_tratamiento_datos&quot;:&quot;consent&quot;,&quot;submit_1&quot;:&quot;submit&quot;,&quot;notice_1&quot;:&quot;notice&quot;},&quot;nonce_method&quot;:&quot;ajax&quot;}\"><form action=\"https:\/\/thebritishcentredonostia.com\/en\/contacto\/\" method=\"post\" class=\"fusion-form fusion-form-2064\" data-trp-original-action=\"https:\/\/thebritishcentredonostia.com\/en\/contacto\/\"><div class=\"fusion-fullwidth fullwidth-box fusion-builder-row-1-1 fusion-flex-container nonhundred-percent-fullwidth non-hundred-percent-height-scrolling\" style=\"--awb-border-radius-top-left:0px;--awb-border-radius-top-right:0px;--awb-border-radius-bottom-right:0px;--awb-border-radius-bottom-left:0px;--awb-flex-wrap:wrap;\" ><div class=\"fusion-builder-row fusion-row fusion-flex-align-items-flex-start fusion-flex-content-wrap\" style=\"width:104% !important;max-width:104% !important;margin-left: calc(-4% \/ 2 );margin-right: calc(-4% \/ 2 );\"><div class=\"fusion-layout-column fusion_builder_column fusion-builder-column-2 fusion_builder_column_1_1 1_1 fusion-flex-column\" style=\"--awb-bg-size:cover;--awb-width-large:100%;--awb-margin-top-large:0px;--awb-spacing-right-large:1.92%;--awb-margin-bottom-large:20px;--awb-spacing-left-large:1.92%;--awb-width-medium:100%;--awb-order-medium:0;--awb-spacing-right-medium:1.92%;--awb-spacing-left-medium:1.92%;--awb-width-small:100%;--awb-order-small:0;--awb-spacing-right-small:1.92%;--awb-spacing-left-small:1.92%;\"><div class=\"fusion-column-wrapper fusion-column-has-shadow fusion-flex-justify-content-flex-start fusion-content-layout-column\"><div class=\"fusion-form-field fusion-form-text-field fusion-form-label-above\" style=\"\" data-form-id=\"2064\"><div class=\"fusion-form-label-wrapper\"><label for=\"Nombre y Apellidos\">First name and last name <abbr class=\"fusion-form-element-required\" title=\"required\">*<\/abbr><\/label><\/div><input type=\"text\" name=\"Nombre y Apellidos\" id=\"Nombre y Apellidos\" value=\"\"  class=\"fusion-form-input\" required=\"true\" aria-required=\"true\" data-holds-private-data=\"false\" minlength=\"0\"\/><\/div><div class=\"fusion-form-field fusion-form-email-field fusion-form-label-above\" style=\"\" data-form-id=\"2064\"><div class=\"fusion-form-label-wrapper\"><label for=\"email\">Email <abbr class=\"fusion-form-element-required\" title=\"required\">*<\/abbr><\/label><\/div><input type=\"email\" name=\"email\" id=\"email\" value=\"\"  class=\"fusion-form-input\" required=\"true\" aria-required=\"true\" data-holds-private-data=\"false\"\/><\/div><div class=\"fusion-form-field fusion-form-textarea-field fusion-form-label-above\" style=\"\" data-form-id=\"2064\"><label for=\"mensaje\">Message<\/label><textarea cols=\"40\"  minlength=\"0\"  rows=\"5\" tabindex=\"\" id=\"mensaje\" name=\"mensaje\" class=\"fusion-form-input\" data-holds-private-data=\"false\"><\/textarea><\/div><div class=\"fusion-form-field fusion-form-consent-field fusion-form-label-above\" style=\"\" data-form-id=\"2064\"><div class=\"fusion-form-checkbox option-inline\"><input tabindex=\"\" id=\"acepto_la_politica_de_privacidad\" type=\"checkbox\" value=\"1\" name=\"acepto_la_politica_de_privacidad\" class=\"fusion-form-input\" required=\"true\" aria-required=\"true\"\/><label for=\"acepto_la_politica_de_privacidad\">He le\u00eddo y acepto la <a href=\"https:\/\/thebritishcentredonostia.com\/en\/politica-de-privacidad\/\" target=\"_blank\">Privacy Policy<\/a>.<\/label><\/div><\/div><div class=\"fusion-form-field fusion-form-consent-field fusion-form-label-above\" style=\"\" data-form-id=\"2064\"><div class=\"fusion-form-checkbox option-inline\"><input tabindex=\"\" id=\"acepto_tratamiento_datos\" type=\"checkbox\" value=\"1\" name=\"acepto_tratamiento_datos\" class=\"fusion-form-input\" required=\"true\" aria-required=\"true\"\/><label for=\"acepto_tratamiento_datos\">Acepto que mis datos personales sean empleados para las finalidades comerciales por medios electr\u00f3nicos.<\/label><\/div><\/div><div class=\"fusion-form-field fusion-form-submit-field fusion-form-label-above\" style=\"\" data-form-id=\"2064\"><div ><button type=\"submit\" class=\"fusion-button button-flat fusion-button-default-size button-default fusion-button-default button-1 fusion-button-default-span  form-form-submit button-default\" data-form-number=\"2064\" tabindex=\"\"><span class=\"fusion-button-text\">Send<\/span><\/button><\/div><\/div><div class=\"accordian fusion-accordian\" style=\"--awb-border-size:0px;--awb-icon-size:16px;--awb-content-font-size:var(--awb-typography3-font-size);--awb-icon-alignment:left;--awb-hover-color:var(--awb-color2);--awb-border-color:rgba(255,255,255,0);--awb-background-color:var(--awb-color1);--awb-divider-color:var(--awb-color2);--awb-divider-hover-color:var(--awb-color2);--awb-icon-color:var(--awb-color7);--awb-title-color:var(--awb-color7);--awb-content-color:var(--awb-color7);--awb-icon-box-color:var(--awb-color7);--awb-toggle-hover-accent-color:var(--awb-color5);--awb-title-font-family:var(--awb-typography3-font-family);--awb-title-font-weight:var(--awb-typography3-font-weight);--awb-title-font-style:var(--awb-typography3-font-style);--awb-title-font-size:var(--awb-typography3-font-size);--awb-content-font-family:var(--awb-typography3-font-family);--awb-content-font-weight:var(--awb-typography3-font-weight);--awb-content-font-style:var(--awb-typography3-font-style);\"><div class=\"panel-group fusion-toggle-icon-unboxed\" id=\"accordion-2674-1\"><div class=\"fusion-panel panel-default panel-b4b109484872671b0 fusion-toggle-no-divider\"><div class=\"panel-heading\"><h4 class=\"panel-title toggle\" id=\"toggle_b4b109484872671b0\"><a aria-expanded=\"false\" aria-controls=\"b4b109484872671b0\" role=\"button\" data-toggle=\"collapse\" data-parent=\"#accordion-2674-1\" data-target=\"#b4b109484872671b0\" href=\"#b4b109484872671b0\"><span class=\"fusion-toggle-icon-wrapper\" aria-hidden=\"true\"><i class=\"fa-fusion-box active-icon awb-icon-minus\" aria-hidden=\"true\"><\/i><i class=\"fa-fusion-box inactive-icon awb-icon-plus\" aria-hidden=\"true\"><\/i><\/span><span class=\"fusion-toggle-heading\">M\u00e1s informaci\u00f3n sobre protecci\u00f3n de datos<\/span><\/a><\/h4><\/div><div id=\"b4b109484872671b0\" class=\"panel-collapse collapse\" aria-labelledby=\"toggle_b4b109484872671b0\"><div class=\"panel-body toggle-content fusion-clearfix\">En cumplimiento del deber de informar a los interesados de las circunstancias y condiciones del tratamiento de sus datos y de los derechos que le asisten, ponemos a su disposici\u00f3n la siguiente informaci\u00f3n.\n\n<br> \n\n<table cellspacing=\"0\" cellpadding=\"10\" border=\"1\">\n  <tbody>\n    <tr>\n      <td>\n        RESPONSABLE DEL TRATAMIENTO\n      <\/td>\n      <td>\n        <p align=\"justify\">CENTRO LINGUISTICO BASQUE UK S.L., CIF: B75141937, Dir. Postal: BERMINGHAM KALEA, 9, CP 20002 DONOSTIA, GIPUZKOA, ESPA\u00f1A<\/p>\n      <\/td>\n    <\/tr>\n    <tr>\n      <td>\n        FINALIDAD\n      <\/td>\n      <td>\n        <p align=\"justify\">Gestionar su consulta\/petici\u00f3n y dar una respuesta a la misma.<\/p>\n      <\/td>\n    <\/tr>\n    <tr>\n      <td>\n        LEGITIMACI\u00d3N\n      <\/td>\n      <td>\n        <p align=\"justify\">Su consentimiento<\/p>\n      <\/td>\n    <\/tr>\n    <tr>\n      <td>\n        DESTINATARIOS\n      <\/td>\n      <td>\n        <p align=\"justify\">Los datos no se ceder\u00e1n a terceros salvo en los casos en los que exista una obligaci\u00f3n legal o comunicaci\u00f3n necesaria para dar contestaci\u00f3n a su consulta.<\/p>\n      <\/td>\n    <\/tr>\n    <tr>\n      <td>\n        DERECHOS\n      <\/td>\n      <td>\n        <p align=\"justify\">Puede ejercer sus Derechos a acceder, rectificar, oponerse, limitar, portar y suprimir los datos ante el responsable del tratamiento; adem\u00e1s de acudir a la autoridad de control competente (AEPD).<\/p>\n      <\/td>\n    <\/tr>\n    <tr>\n      <td>\n        INFORMACI\u00d3N ADICIONAL\n      <\/td>\n      <td>\n        <p align=\"justify\">Puede consultar la informaci\u00f3n adicional sobre el tratamiento de sus datos personales <a href=\"https:\/\/thebritishcentredonostia.com\/en\/politica-de-privacidad\/\" target=\"_blank\">aqu\u00ed.<\/a><\/p>\n      <\/td>\n    <\/tr>\n  <\/tbody>\n<\/table><\/div><\/div><\/div><\/div><\/div><\/div><\/div><div class=\"fusion-layout-column fusion_builder_column fusion-builder-column-3 fusion_builder_column_1_1 1_1 fusion-flex-column\" style=\"--awb-bg-size:cover;--awb-width-large:100%;--awb-margin-top-large:0px;--awb-spacing-right-large:1.92%;--awb-margin-bottom-large:0px;--awb-spacing-left-large:1.92%;--awb-width-medium:100%;--awb-order-medium:0;--awb-spacing-right-medium:1.92%;--awb-spacing-left-medium:1.92%;--awb-width-small:100%;--awb-order-small:0;--awb-spacing-right-small:1.92%;--awb-spacing-left-small:1.92%;\"><div class=\"fusion-column-wrapper fusion-column-has-shadow fusion-flex-justify-content-flex-start fusion-content-layout-column\"><div class=\"form-submission-notices data-notice_1\" id=\"fusion-notices-1\"><div class=\"fusion-alert alert success alert-success fusion-alert-center fusion-form-response fusion-form-response-success fusion-alert-capitalize awb-alert-native-link-color alert-dismissable awb-alert-close-boxed\" role=\"alert\"><div class=\"fusion-alert-content-wrapper\"><span class=\"alert-icon\"><i class=\"awb-icon-check-circle\" aria-hidden=\"true\"><\/i><\/span><span class=\"fusion-alert-content\">Gracias por tu mensaje ha sido enviado.<\/span><\/div><button type=\"button\" class=\"close toggle-alert\" data-dismiss=\"alert\" aria-label=\"Close\">&times;<\/button><\/div><div class=\"fusion-alert alert error alert-danger fusion-alert-center fusion-form-response fusion-form-response-error fusion-alert-capitalize awb-alert-native-link-color alert-dismissable awb-alert-close-boxed\" role=\"alert\"><div class=\"fusion-alert-content-wrapper\"><span class=\"alert-icon\"><i class=\"awb-icon-exclamation-triangle\" aria-hidden=\"true\"><\/i><\/span><span class=\"fusion-alert-content\">Ha ocurrido un error con el env\u00edo de tu mensaje. Disculpa las molestios<\/span><\/div><button type=\"button\" class=\"close toggle-alert\" data-dismiss=\"alert\" aria-label=\"Close\">&times;<\/button><\/div><\/div><\/div><\/div><\/div><\/div><input type=\"hidden\" name=\"trp-form-language\" value=\"en\"\/><\/form><\/div><\/div><\/div><\/div><\/div><div class=\"fusion-fullwidth fullwidth-box fusion-builder-row-2 fusion-flex-container hundred-percent-fullwidth non-hundred-percent-height-scrolling\" style=\"--awb-border-radius-top-left:0px;--awb-border-radius-top-right:0px;--awb-border-radius-bottom-right:0px;--awb-border-radius-bottom-left:0px;--awb-padding-top:3%;--awb-padding-right:3%;--awb-padding-bottom:3%;--awb-padding-left:3%;--awb-flex-wrap:wrap;\" ><div class=\"fusion-builder-row fusion-row fusion-flex-align-items-flex-start fusion-flex-content-wrap\" style=\"width:calc( 100% + 0px ) !important;max-width:calc( 100% + 0px ) !important;margin-left: calc(-0px \/ 2 );margin-right: calc(-0px \/ 2 );\"><div class=\"fusion-layout-column fusion_builder_column fusion-builder-column-4 fusion_builder_column_1_1 1_1 fusion-flex-column\" style=\"--awb-padding-bottom:-10px;--awb-bg-size:cover;--awb-box-shadow:1px 1px 20px 0px rgba(1,1,46,0.3);;--awb-filter:saturate(0%);--awb-filter-transition:filter 0.3s ease;--awb-filter-hover:saturate(100%);--awb-width-large:100%;--awb-margin-top-large:20px;--awb-spacing-right-large:0px;--awb-margin-bottom-large:20px;--awb-spacing-left-large:0px;--awb-width-medium:100%;--awb-order-medium:0;--awb-spacing-right-medium:0px;--awb-spacing-left-medium:0px;--awb-width-small:100%;--awb-order-small:0;--awb-spacing-right-small:0px;--awb-spacing-left-small:0px;\"><div class=\"fusion-column-wrapper fusion-column-has-shadow fusion-flex-justify-content-flex-start fusion-content-layout-column\"><iframe src=\"https:\/\/www.google.com\/maps\/embed?pb=!1m18!1m12!1m3!1d2902.4916284623605!2d-1.975405022426959!3d43.32490047360018!2m3!1f0!2f0!3f0!3m2!1i1024!2i768!4f13.1!3m3!1m2!1s0xd51a5439f2d45b5%3A0x2d8c492cda952442!2sThe%20British%20Centre%20%7C%20Academia%20de%20ingl%C3%A9s!5e0!3m2!1sen!2ses!4v1718834919436!5m2!1sen!2ses\" width=\"100%\" height=\"450\" style=\"border:0; borde-radius: 15px !Important; margin-button: -20px;\" allowfullscreen=\"\" loading=\"lazy\" referrerpolicy=\"no-referrer-when-downgrade\"><\/iframe><\/div><\/div><\/div><\/div><\/p>","protected":false},"excerpt":{"rendered":"","protected":false},"author":2,"featured_media":0,"parent":0,"menu_order":0,"comment_status":"closed","ping_status":"closed","template":"100-width.php","meta":{"footnotes":""},"class_list":["post-2674","page","type-page","status-publish","hentry"],"yoast_head":"<!-- This site is optimized with the Yoast SEO plugin v27.4 - https:\/\/yoast.com\/product\/yoast-seo-wordpress\/ -->\n<title>Contacto - The British Centre Donostia<\/title>\n<meta name=\"robots\" content=\"index, follow, max-snippet:-1, max-image-preview:large, max-video-preview:-1\" \/>\n<link rel=\"canonical\" href=\"https:\/\/thebritishcentredonostia.com\/en\/contacto\/\" \/>\n<meta property=\"og:locale\" content=\"en_GB\" \/>\n<meta property=\"og:type\" content=\"article\" \/>\n<meta property=\"og:title\" content=\"Contacto - The British Centre Donostia\" \/>\n<meta property=\"og:url\" content=\"https:\/\/thebritishcentredonostia.com\/en\/contacto\/\" \/>\n<meta property=\"og:site_name\" content=\"The British Centre Donostia\" \/>\n<meta property=\"article:modified_time\" content=\"2024-07-16T21:45:41+00:00\" \/>\n<meta name=\"twitter:card\" content=\"summary_large_image\" \/>\n<meta name=\"twitter:label1\" content=\"Estimated reading time\" \/>\n\t<meta name=\"twitter:data1\" content=\"5 minutes\" \/>\n<script type=\"application\/ld+json\" class=\"yoast-schema-graph\">{\"@context\":\"https:\\\/\\\/schema.org\",\"@graph\":[{\"@type\":\"WebPage\",\"@id\":\"https:\\\/\\\/thebritishcentredonostia.com\\\/contacto\\\/\",\"url\":\"https:\\\/\\\/thebritishcentredonostia.com\\\/contacto\\\/\",\"name\":\"Contacto - The British Centre Donostia\",\"isPartOf\":{\"@id\":\"https:\\\/\\\/thebritishcentredonostia.com\\\/#website\"},\"datePublished\":\"2024-06-19T20:18:34+00:00\",\"dateModified\":\"2024-07-16T21:45:41+00:00\",\"breadcrumb\":{\"@id\":\"https:\\\/\\\/thebritishcentredonostia.com\\\/contacto\\\/#breadcrumb\"},\"inLanguage\":\"en-GB\",\"potentialAction\":[{\"@type\":\"ReadAction\",\"target\":[\"https:\\\/\\\/thebritishcentredonostia.com\\\/contacto\\\/\"]}]},{\"@type\":\"BreadcrumbList\",\"@id\":\"https:\\\/\\\/thebritishcentredonostia.com\\\/contacto\\\/#breadcrumb\",\"itemListElement\":[{\"@type\":\"ListItem\",\"position\":1,\"name\":\"Portada\",\"item\":\"https:\\\/\\\/thebritishcentredonostia.com\\\/\"},{\"@type\":\"ListItem\",\"position\":2,\"name\":\"Contacto\"}]},{\"@type\":\"WebSite\",\"@id\":\"https:\\\/\\\/thebritishcentredonostia.com\\\/#website\",\"url\":\"https:\\\/\\\/thebritishcentredonostia.com\\\/\",\"name\":\"The British Centre Donostia\",\"description\":\"Centro ling\u00fc\u00edstico\",\"potentialAction\":[{\"@type\":\"SearchAction\",\"target\":{\"@type\":\"EntryPoint\",\"urlTemplate\":\"https:\\\/\\\/thebritishcentredonostia.com\\\/?s={search_term_string}\"},\"query-input\":{\"@type\":\"PropertyValueSpecification\",\"valueRequired\":true,\"valueName\":\"search_term_string\"}}],\"inLanguage\":\"en-GB\"}]}<\/script>\n<!-- \/ Yoast SEO plugin. -->","yoast_head_json":{"title":"Contacto - The British Centre Donostia","robots":{"index":"index","follow":"follow","max-snippet":"max-snippet:-1","max-image-preview":"max-image-preview:large","max-video-preview":"max-video-preview:-1"},"canonical":"https:\/\/thebritishcentredonostia.com\/en\/contacto\/","og_locale":"en_GB","og_type":"article","og_title":"Contacto - The British Centre Donostia","og_url":"https:\/\/thebritishcentredonostia.com\/en\/contacto\/","og_site_name":"The British Centre Donostia","article_modified_time":"2024-07-16T21:45:41+00:00","twitter_card":"summary_large_image","twitter_misc":{"Estimated reading time":"5 minutes"},"schema":{"@context":"https:\/\/schema.org","@graph":[{"@type":"WebPage","@id":"https:\/\/thebritishcentredonostia.com\/contacto\/","url":"https:\/\/thebritishcentredonostia.com\/contacto\/","name":"Contacto - The British Centre Donostia","isPartOf":{"@id":"https:\/\/thebritishcentredonostia.com\/#website"},"datePublished":"2024-06-19T20:18:34+00:00","dateModified":"2024-07-16T21:45:41+00:00","breadcrumb":{"@id":"https:\/\/thebritishcentredonostia.com\/contacto\/#breadcrumb"},"inLanguage":"en-GB","potentialAction":[{"@type":"ReadAction","target":["https:\/\/thebritishcentredonostia.com\/contacto\/"]}]},{"@type":"BreadcrumbList","@id":"https:\/\/thebritishcentredonostia.com\/contacto\/#breadcrumb","itemListElement":[{"@type":"ListItem","position":1,"name":"Portada","item":"https:\/\/thebritishcentredonostia.com\/"},{"@type":"ListItem","position":2,"name":"Contacto"}]},{"@type":"WebSite","@id":"https:\/\/thebritishcentredonostia.com\/#website","url":"https:\/\/thebritishcentredonostia.com\/","name":"The British Centre Donostia","description":"Centro ling\u00fc\u00edstico","potentialAction":[{"@type":"SearchAction","target":{"@type":"EntryPoint","urlTemplate":"https:\/\/thebritishcentredonostia.com\/?s={search_term_string}"},"query-input":{"@type":"PropertyValueSpecification","valueRequired":true,"valueName":"search_term_string"}}],"inLanguage":"en-GB"}]}},"_links":{"self":[{"href":"https:\/\/thebritishcentredonostia.com\/en\/wp-json\/wp\/v2\/pages\/2674","targetHints":{"allow":["GET"]}}],"collection":[{"href":"https:\/\/thebritishcentredonostia.com\/en\/wp-json\/wp\/v2\/pages"}],"about":[{"href":"https:\/\/thebritishcentredonostia.com\/en\/wp-json\/wp\/v2\/types\/page"}],"author":[{"embeddable":true,"href":"https:\/\/thebritishcentredonostia.com\/en\/wp-json\/wp\/v2\/users\/2"}],"replies":[{"embeddable":true,"href":"https:\/\/thebritishcentredonostia.com\/en\/wp-json\/wp\/v2\/comments?post=2674"}],"version-history":[{"count":15,"href":"https:\/\/thebritishcentredonostia.com\/en\/wp-json\/wp\/v2\/pages\/2674\/revisions"}],"predecessor-version":[{"id":3081,"href":"https:\/\/thebritishcentredonostia.com\/en\/wp-json\/wp\/v2\/pages\/2674\/revisions\/3081"}],"wp:attachment":[{"href":"https:\/\/thebritishcentredonostia.com\/en\/wp-json\/wp\/v2\/media?parent=2674"}],"curies":[{"name":"wp","href":"https:\/\/api.w.org\/{rel}","templated":true}]}}